{"id":15,"date":"2020-09-16T07:15:07","date_gmt":"2020-09-16T05:15:07","guid":{"rendered":"https:\/\/reina.qodeinteractive.com\/?page_id=15"},"modified":"2025-10-13T11:27:04","modified_gmt":"2025-10-13T09:27:04","slug":"ayurveda","status":"publish","type":"page","link":"https:\/\/hayaheilpraxis.de\/de\/ayurveda\/","title":{"rendered":"Ayurveda"},"content":{"rendered":"\t\t<div data-elementor-type=\"wp-page\" data-elementor-id=\"15\" class=\"elementor elementor-15\">\n\t\t\t\t\t\t<section class=\"elementor-section elementor-top-section elementor-element elementor-element-71b225d2 elementor-section-full_width elementor-section-height-default elementor-section-height-default qodef-elementor-content-no\" data-id=\"71b225d2\" data-element_type=\"section\" data-e-type=\"section\" data-settings=\"{&quot;background_background&quot;:&quot;classic&quot;}\">\n\t\t\t\t\t\t<div class=\"elementor-container elementor-column-gap-default\">\n\t\t\t\t\t<div class=\"elementor-column elementor-col-100 elementor-top-column elementor-element elementor-element-f291234\" data-id=\"f291234\" data-element_type=\"column\" data-e-type=\"column\">\n\t\t\t<div class=\"elementor-widget-wrap elementor-element-populated\">\n\t\t\t\t\t\t<div class=\"elementor-element elementor-element-c0e8299 elementor-widget elementor-widget-slider_revolution\" data-id=\"c0e8299\" data-element_type=\"widget\" data-e-type=\"widget\" data-widget_type=\"slider_revolution.default\">\n\t\t\t\t<div class=\"elementor-widget-container\">\n\t\t\t\t\t\n\t\t<div class=\"wp-block-themepunch-revslider\">\n\t\t\t<!-- START ayurveda REVOLUTION SLIDER 6.5.8 --><p class=\"rs-p-wp-fix\"><\/p>\n\t\t\t<rs-module-wrap id=\"rev_slider_24_1_wrapper\" data-source=\"gallery\" style=\"visibility:hidden;background:transparent;padding:0;margin:0px auto;margin-top:0;margin-bottom:0;\">\n\t\t\t\t<rs-module id=\"rev_slider_24_1\" style=\"\" data-version=\"6.5.8\">\n\t\t\t\t\t<rs-slides>\n\t\t\t\t\t\t<rs-slide style=\"position: absolute;\" data-key=\"rs-42\" data-title=\"Slide\" data-thumb=\"\/\/hayaheilpraxis.de\/wp-content\/uploads\/2021\/08\/katherine-hanlon-WAm_HaI4W2E-unsplash-scaled-e1633040294608-50x100.jpg\" data-anim=\"ms:1500ms;\" data-in=\"o:0;\" data-out=\"a:false;\" data-color-skin='light'>\n\t\t\t\t\t\t\t<img fetchpriority=\"high\" decoding=\"async\" src=\"\/\/hayaheilpraxis.de\/wp-content\/plugins\/revslider\/public\/assets\/assets\/dummy.png\" title=\"katherine-hanlon-WAm_HaI4W2E-unsplash\" width=\"1280\" height=\"828\" class=\"rev-slidebg tp-rs-img rs-lazyload\" data-lazyload=\"\/\/hayaheilpraxis.de\/wp-content\/uploads\/2021\/08\/katherine-hanlon-WAm_HaI4W2E-unsplash-scaled-e1633040294608.jpg\" data-panzoom=\"d:10000ms;ss:100%;se:110%;oe:0\/50px;\" data-no-retina>\n<!---->\t\t\t\t\t\t<\/rs-slide>\n\t\t\t\t\t\t<rs-slide style=\"position: absolute;\" data-key=\"rs-43\" data-title=\"Slide\" data-thumb=\"\/\/hayaheilpraxis.de\/wp-content\/uploads\/2021\/08\/pindasweda-50x100.png\" data-anim=\"ms:1500ms;\" data-in=\"o:0;\" data-out=\"a:false;\" data-color-skin='light'>\n\t\t\t\t\t\t\t<img decoding=\"async\" src=\"\/\/hayaheilpraxis.de\/wp-content\/plugins\/revslider\/public\/assets\/assets\/dummy.png\" title=\"pindasweda\" width=\"1920\" height=\"917\" class=\"rev-slidebg tp-rs-img rs-lazyload\" data-lazyload=\"\/\/hayaheilpraxis.de\/wp-content\/uploads\/2021\/08\/pindasweda.png\" data-panzoom=\"d:10000;ss:100;se:110%;os:50px\/0;\" data-no-retina>\n<!---->\t\t\t\t\t\t<\/rs-slide>\n\t\t\t\t\t\t<rs-slide style=\"position: absolute;\" data-key=\"rs-44\" data-title=\"Slide\" data-thumb=\"\/\/hayaheilpraxis.de\/wp-content\/uploads\/2020\/10\/h1-rev-img3-50x100.jpg\" data-anim=\"ms:1500;\" data-in=\"o:0;\" data-out=\"a:false;\" data-color-skin='light'>\n\t\t\t\t\t\t\t<img decoding=\"async\" src=\"\/\/hayaheilpraxis.de\/wp-content\/plugins\/revslider\/public\/assets\/assets\/dummy.png\" alt=\"g\" title=\"h1-rev-img3\" width=\"1920\" height=\"917\" class=\"rev-slidebg tp-rs-img rs-lazyload\" data-lazyload=\"\/\/hayaheilpraxis.de\/wp-content\/uploads\/2020\/10\/h1-rev-img3.jpg\" data-panzoom=\"d:10000;ss:100;se:110%;oe:50px\/50px;\" data-no-retina>\n<!---->\t\t\t\t\t\t<\/rs-slide>\n\t\t\t\t\t\t<rs-slide style=\"position: absolute;\" data-key=\"rs-45\" data-title=\"Slide\" data-thumb=\"\/\/hayaheilpraxis.de\/wp-content\/uploads\/2021\/08\/katherine-hanlon-mod2s3-qFOc-unsplash-scaled-e1629890701500-50x100.jpg\" data-anim=\"ms:1500;\" data-in=\"o:0;\" data-out=\"a:false;\" data-color-skin='light'>\n\t\t\t\t\t\t\t<img loading=\"lazy\" decoding=\"async\" src=\"\/\/hayaheilpraxis.de\/wp-content\/plugins\/revslider\/public\/assets\/assets\/dummy.png\" title=\"katherine-hanlon-mod2s3-qFOc-unsplash\" width=\"1920\" height=\"1242\" class=\"rev-slidebg tp-rs-img rs-lazyload\" data-lazyload=\"\/\/hayaheilpraxis.de\/wp-content\/uploads\/2021\/08\/katherine-hanlon-mod2s3-qFOc-unsplash-scaled-e1629890701500.jpg\" data-panzoom=\"d:10000;ss:100;se:110%;os:50px\/0;\" data-no-retina>\n<!---->\t\t\t\t\t\t<\/rs-slide>\n\t\t\t\t\t<\/rs-slides>\n\t\t\t\t\t<rs-static-layers><!--\n\n\t\t\t\t\t\t\t--><rs-layer\n\t\t\t\t\t\t\t\tid=\"slider-24-slide-24-layer-3\" \n\t\t\t\t\t\t\t\tclass=\"rs-layer-static\"\n\t\t\t\t\t\t\t\tdata-type=\"text\"\n\t\t\t\t\t\t\t\tdata-xy=\"xo:50px,50px,50px,0;y:t,t,t,m;yo:52px,52px,52px,0;\"\n\t\t\t\t\t\t\t\tdata-text=\"w:normal;s:20,20,20,55;l:25,25,25,57;\"\n\t\t\t\t\t\t\t\tdata-dim=\"w:auto,auto,auto,294px;\"\n\t\t\t\t\t\t\t\tdata-vbility=\"f,f,f,t\"\n\t\t\t\t\t\t\t\tdata-rsp_o=\"off\"\n\t\t\t\t\t\t\t\tdata-rsp_bd=\"off\"\n\t\t\t\t\t\t\t\tdata-onslides=\"s:1;\"\n\t\t\t\t\t\t\t\tdata-frame_0=\"x:50;\"\n\t\t\t\t\t\t\t\tdata-frame_1=\"e:power2.out;st:100;sp:1000;\"\n\t\t\t\t\t\t\t\tdata-frame_999=\"o:0;st:w;\"\n\t\t\t\t\t\t\t\tstyle=\"z-index:10;font-family:'Cormorant Garamond';\"\n\t\t\t\t\t\t\t>Body Mind Praxis \n\t\t\t\t\t\t\t<\/rs-layer><!--\n\n\t\t\t\t\t\t\t--><rs-layer\n\t\t\t\t\t\t\t\tid=\"slider-24-slide-24-layer-4\" \n\t\t\t\t\t\t\t\tclass=\"rs-layer-static\"\n\t\t\t\t\t\t\t\tdata-type=\"text\"\n\t\t\t\t\t\t\t\tdata-xy=\"xo:65px,0,50px,0;y:t,m,m,m;yo:416px,0,0,132px;\"\n\t\t\t\t\t\t\t\tdata-text=\"w:normal;s:58,65,55,55;l:70,70,57,57;\"\n\t\t\t\t\t\t\t\tdata-dim=\"w:1161,1112px,664px,294px;h:280,auto,auto,auto;\"\n\t\t\t\t\t\t\t\tdata-vbility=\"t,t,f,f\"\n\t\t\t\t\t\t\t\tdata-rsp_o=\"off\"\n\t\t\t\t\t\t\t\tdata-rsp_bd=\"off\"\n\t\t\t\t\t\t\t\tdata-onslides=\"s:1;\"\n\t\t\t\t\t\t\t\tdata-frame_0=\"x:45px;\"\n\t\t\t\t\t\t\t\tdata-frame_1=\"e:power2.out;st:100;sp:1000;\"\n\t\t\t\t\t\t\t\tdata-frame_999=\"o:0;st:w;\"\n\t\t\t\t\t\t\t\tstyle=\"z-index:9;font-family:'Kaushan Script';\"\n\t\t\t\t\t\t\t>Ihre Gesundheit liegt mir wirklich am Herzen <img decoding=\"async\"  src=\" https:\/\/reina.qodeinteractive.com\/wp-content\/uploads\/2020\/12\/h1-rev-img1.1.png \" alt=\"bb\" loading=\"lazy\" style=\"vertical-align: middle;\"> Ich wei\u00df, dass Sie <i>Ihre Behandlung<\/i> im Haya, lieben werden - ein Ort <img decoding=\"async\" src=\" https:\/\/reina.qodeinteractive.com\/wp-content\/uploads\/2020\/12\/h1-rev-img1.2.png\" alt=\"cc\" loading=\"lazy\" style=\"vertical-align: middle;\"> der Freude, der f\u00fcr Sie eingerichtet wurde.  \n\t\t\t\t\t\t\t<\/rs-layer><!--\n\n\t\t\t\t\t\t\t--><rs-layer\n\t\t\t\t\t\t\t\tid=\"slider-24-slide-24-layer-5\" \n\t\t\t\t\t\t\t\tclass=\"rs-layer-static\"\n\t\t\t\t\t\t\t\tdata-type=\"text\"\n\t\t\t\t\t\t\t\tdata-xy=\"xo:63px,0,50px,0;y:t,m,m,m;yo:419px,0,0,132px;\"\n\t\t\t\t\t\t\t\tdata-text=\"w:normal;s:58,65,55,55;l:70,70,57,57;\"\n\t\t\t\t\t\t\t\tdata-dim=\"w:1287,1112px,664px,294px;\"\n\t\t\t\t\t\t\t\tdata-vbility=\"f,f,t,f\"\n\t\t\t\t\t\t\t\tdata-basealign=\"slide\"\n\t\t\t\t\t\t\t\tdata-rsp_o=\"off\"\n\t\t\t\t\t\t\t\tdata-rsp_bd=\"off\"\n\t\t\t\t\t\t\t\tdata-onslides=\"s:1;\"\n\t\t\t\t\t\t\t\tdata-frame_0=\"x:50px;\"\n\t\t\t\t\t\t\t\tdata-frame_1=\"e:power2.out;st:100;sp:1000;\"\n\t\t\t\t\t\t\t\tdata-frame_999=\"o:0;st:w;\"\n\t\t\t\t\t\t\t\tstyle=\"z-index:8;font-family:'Kaushan Script';\"\n\t\t\t\t\t\t\t>Ihre Gesundheit liegt mir wirklich am Herzen <img decoding=\"async\"  src=\" https:\/\/reina.qodeinteractive.com\/wp-content\/uploads\/2020\/12\/h1-rev-img1.1.png \" alt=\"bb\" loading=\"lazy\" style=\"vertical-align: middle;\"> Ich wei\u00df, dass Sie  <i> Ihre Behandlung<\/i> im Haya, lieben werden - ein Ort <img decoding=\"async\" src=\" https:\/\/reina.qodeinteractive.com\/wp-content\/uploads\/2020\/12\/h1-rev-img1.2.png\" alt=\"cc\" loading=\"lazy\" style=\"vertical-align: middle;\"> der Freude, der f\u00fcr Sie eingerichtet wurde.  \n\t\t\t\t\t\t\t<\/rs-layer><!--\n\n\t\t\t\t\t\t\t--><rs-layer\n\t\t\t\t\t\t\t\tid=\"slider-24-slide-24-layer-6\" \n\t\t\t\t\t\t\t\tclass=\"rs-layer-static\"\n\t\t\t\t\t\t\t\tdata-type=\"text\"\n\t\t\t\t\t\t\t\tdata-xy=\"x:c,l,l,l;xo:-418px,3px,55px,5px;y:t,b,m,m;yo:735px,115px,198px,115px;\"\n\t\t\t\t\t\t\t\tdata-text=\"w:normal;s:17;l:21;\"\n\t\t\t\t\t\t\t\tdata-dim=\"w:310,310,310,300px;\"\n\t\t\t\t\t\t\t\tdata-vbility=\"t,t,f,t\"\n\t\t\t\t\t\t\t\tdata-rsp_o=\"off\"\n\t\t\t\t\t\t\t\tdata-rsp_bd=\"off\"\n\t\t\t\t\t\t\t\tdata-onslides=\"s:1;\"\n\t\t\t\t\t\t\t\tdata-frame_0=\"x:42px;\"\n\t\t\t\t\t\t\t\tdata-frame_1=\"e:power2.out;st:200;sp:1000;\"\n\t\t\t\t\t\t\t\tdata-frame_999=\"o:0;st:w;\"\n\t\t\t\t\t\t\t\tstyle=\"z-index:12;font-family:'Roboto';\"\n\t\t\t\t\t\t\t> \n\t\t\t\t\t\t\t<\/rs-layer><!--\n\t\t\t\t\t--><\/rs-static-layers>\n\t\t\t\t<\/rs-module>\n\t\t\t\t<script type=\"text\/javascript\">\n\t\t\t\t\tsetREVStartSize({c: 'rev_slider_24_1',rl:[1240,1024,778,480],el:[917,645,770,500],gw:[1300,1100,600,300],gh:[917,645,770,500],type:'standard',justify:'',layout:'fullwidth',mh:\"0\"});if (window.RS_MODULES!==undefined && window.RS_MODULES.modules!==undefined && window.RS_MODULES.modules[\"revslider241\"]!==undefined) {window.RS_MODULES.modules[\"revslider241\"].once = false;window.revapi24 = undefined;if (window.RS_MODULES.checkMinimal!==undefined) window.RS_MODULES.checkMinimal()}\n\t\t\t\t<\/script>\n\t\t\t<\/rs-module-wrap>\n\t\t\t<!-- END REVOLUTION SLIDER -->\n<\/div>\n\n\t\t\t\t\t\t<\/div>\n\t\t\t\t<\/div>\n\t\t\t\t\t<\/div>\n\t\t<\/div>\n\t\t\t\t\t<\/div>\n\t\t<\/section>\n\t\t\t\t<section class=\"elementor-section elementor-top-section elementor-element elementor-element-fbfc82a elementor-section-full_width elementor-section-height-default elementor-section-height-default qodef-elementor-content-no\" data-id=\"fbfc82a\" data-element_type=\"section\" data-e-type=\"section\" data-settings=\"{&quot;background_background&quot;:&quot;classic&quot;}\">\n\t\t\t\t\t\t<div class=\"elementor-container elementor-column-gap-default\">\n\t\t\t\t\t<div class=\"elementor-column elementor-col-100 elementor-top-column elementor-element elementor-element-651d1d7\" data-id=\"651d1d7\" data-element_type=\"column\" data-e-type=\"column\" data-settings=\"{&quot;background_background&quot;:&quot;classic&quot;}\">\n\t\t\t<div class=\"elementor-widget-wrap elementor-element-populated\">\n\t\t\t\t\t\t<div class=\"elementor-element elementor-element-6e54648 qodef-parallax-image elementor-hidden-phone elementor-widget elementor-widget-image\" data-id=\"6e54648\" data-element_type=\"widget\" data-e-type=\"widget\" data-widget_type=\"image.default\">\n\t\t\t\t<div class=\"elementor-widget-container\">\n\t\t\t\t\t\t\t\t\t\t\t\t\t\t\t<img loading=\"lazy\" decoding=\"async\" width=\"48\" height=\"47\" src=\"https:\/\/hayaheilpraxis.de\/wp-content\/uploads\/2021\/08\/Leaflet_2_parallax-e1634412977379.png\" class=\"attachment-full size-full wp-image-18690\" alt=\"\" \/>\t\t\t\t\t\t\t\t\t\t\t\t\t\t\t<\/div>\n\t\t\t\t<\/div>\n\t\t\t\t\t<\/div>\n\t\t<\/div>\n\t\t\t\t\t<\/div>\n\t\t<\/section>\n\t\t\t\t<section class=\"elementor-section elementor-top-section elementor-element elementor-element-ed45620 qodef-elementor-content-grid qodef-extended-grid qodef-extended-grid--left qodef-custom-side-padding elementor-section-boxed elementor-section-height-default elementor-section-height-default\" data-id=\"ed45620\" data-element_type=\"section\" data-e-type=\"section\">\n\t\t\t\t\t\t<div class=\"elementor-container elementor-column-gap-default\">\n\t\t\t\t\t<div class=\"elementor-column elementor-col-100 elementor-top-column elementor-element elementor-element-8308b85\" data-id=\"8308b85\" data-element_type=\"column\" data-e-type=\"column\" data-settings=\"{&quot;background_background&quot;:&quot;classic&quot;}\">\n\t\t\t<div class=\"elementor-widget-wrap elementor-element-populated\">\n\t\t\t\t\t\t<div class=\"elementor-element elementor-element-173fcaf elementor-widget elementor-widget-reina_core_image_section_info\" data-id=\"173fcaf\" data-element_type=\"widget\" data-e-type=\"widget\" data-widget_type=\"reina_core_image_section_info.default\">\n\t\t\t\t<div class=\"elementor-widget-container\">\n\t\t\t\t\t<div class=\"qodef-shortcode qodef-m  qodef-image-section-info qodef-layout--standard  qodef--has-appear \">\n\t<div class=\"qodef-m-inner clear\">\n\t\t\n<div class=\"qodef-m-image\" style=\"color: #F7EFE8\">\n\t<img loading=\"lazy\" decoding=\"async\" width=\"1300\" height=\"871\" src=\"https:\/\/hayaheilpraxis.de\/wp-content\/uploads\/2020\/01\/blog-list-img-10.jpg\" class=\"attachment-full size-full\" alt=\"s\" srcset=\"https:\/\/hayaheilpraxis.de\/wp-content\/uploads\/2020\/01\/blog-list-img-10.jpg 1300w, https:\/\/hayaheilpraxis.de\/wp-content\/uploads\/2020\/01\/blog-list-img-10-600x402.jpg 600w, https:\/\/hayaheilpraxis.de\/wp-content\/uploads\/2020\/01\/blog-list-img-10-300x201.jpg 300w, https:\/\/hayaheilpraxis.de\/wp-content\/uploads\/2020\/01\/blog-list-img-10-1024x686.jpg 1024w, https:\/\/hayaheilpraxis.de\/wp-content\/uploads\/2020\/01\/blog-list-img-10-768x515.jpg 768w\" sizes=\"(max-width: 1300px) 100vw, 1300px\" \/><\/div>\n\t\t<div class=\"qodef-m-content\">\n\t\t\t\t\t\t<div class=\"qodef-m-heading\">\n\t\t\t\t\t<span class=\"qodef-m-subtitle qodef-h7\" style=\"color: #A1B8C4\">Ayurveda<\/span>\n\t\t\t\t\t<h3 class=\"qodef-m-title\" style=\"color: #A49B9A\">Medical Wellness<\/h3>\n\t\t\t<\/div>\n\t\t\t\t<div class=\"qodef-m-text\" style=\"color: #A49B9A\">Ayurveda dient der Vorbeugung und Erhaltung von dauerhafter Gesundheit bis ins hohe Alter. Es entgiftet und reinigt den K\u00f6rper und ist hilfreich zur Genesung und Erholung nach akuten und chronischen Krankheiten.<\/div>\n\n\n\t\t\t\t<div class=\"qodef-m-button\">\n\t\t<a class=\"qodef-shortcode qodef-m  qodef-button qodef-layout--textual  qodef-html--link\" href=\"https:\/\/hayaheilpraxis.de\/preisliste\" target=\"_self\" data-hover-color=\"#FFFFFF\" style=\"color: #FFFFFF\">\t<span class=\"qodef-m-text\">Jetzt buchen\t\t<span class=\"qodef-m-strip\" style=\"background-color: #B3246494\"><\/span>\t<\/span><\/a>\t<\/div>\n\t\t<\/div>\n\t<\/div>\n<\/div>\n\t\t\t\t<\/div>\n\t\t\t\t<\/div>\n\t\t\t\t\t<\/div>\n\t\t<\/div>\n\t\t\t\t\t<\/div>\n\t\t<\/section>\n\t\t\t\t<section class=\"elementor-section elementor-top-section elementor-element elementor-element-5cc61ab elementor-section-full_width elementor-section-content-bottom elementor-section-height-default elementor-section-height-default qodef-elementor-content-no\" data-id=\"5cc61ab\" data-element_type=\"section\" data-e-type=\"section\" data-settings=\"{&quot;background_background&quot;:&quot;classic&quot;}\">\n\t\t\t\t\t\t<div class=\"elementor-container elementor-column-gap-default\">\n\t\t\t\t\t<div class=\"elementor-column elementor-col-100 elementor-top-column elementor-element elementor-element-22923d7\" data-id=\"22923d7\" data-element_type=\"column\" data-e-type=\"column\" data-settings=\"{&quot;background_background&quot;:&quot;classic&quot;}\">\n\t\t\t<div class=\"elementor-widget-wrap elementor-element-populated\">\n\t\t\t\t\t\t<div class=\"elementor-element elementor-element-9b67bd9 qodef-parallax-image elementor-widget elementor-widget-image\" data-id=\"9b67bd9\" data-element_type=\"widget\" data-e-type=\"widget\" data-widget_type=\"image.default\">\n\t\t\t\t<div class=\"elementor-widget-container\">\n\t\t\t\t\t\t\t\t\t\t\t\t\t\t\t<img loading=\"lazy\" decoding=\"async\" width=\"150\" height=\"150\" src=\"https:\/\/hayaheilpraxis.de\/wp-content\/uploads\/2021\/08\/Unbenannt-44-e1629218606687-150x150.png\" class=\"attachment-thumbnail size-thumbnail wp-image-18691\" alt=\"\" srcset=\"https:\/\/hayaheilpraxis.de\/wp-content\/uploads\/2021\/08\/Unbenannt-44-e1629218606687-150x150.png 150w, https:\/\/hayaheilpraxis.de\/wp-content\/uploads\/2021\/08\/Unbenannt-44-e1629218606687-300x300.png 300w, https:\/\/hayaheilpraxis.de\/wp-content\/uploads\/2021\/08\/Unbenannt-44-e1629218606687-1024x1024.png 1024w, https:\/\/hayaheilpraxis.de\/wp-content\/uploads\/2021\/08\/Unbenannt-44-e1629218606687-768x768.png 768w, https:\/\/hayaheilpraxis.de\/wp-content\/uploads\/2021\/08\/Unbenannt-44-e1629218606687-650x650.png 650w, https:\/\/hayaheilpraxis.de\/wp-content\/uploads\/2021\/08\/Unbenannt-44-e1629218606687-600x600.png 600w, https:\/\/hayaheilpraxis.de\/wp-content\/uploads\/2021\/08\/Unbenannt-44-e1629218606687-100x100.png 100w\" sizes=\"(max-width: 150px) 100vw, 150px\" \/>\t\t\t\t\t\t\t\t\t\t\t\t\t\t\t<\/div>\n\t\t\t\t<\/div>\n\t\t\t\t\t<\/div>\n\t\t<\/div>\n\t\t\t\t\t<\/div>\n\t\t<\/section>\n\t\t\t\t<section class=\"elementor-section elementor-top-section elementor-element elementor-element-f2575f5 qodef-elementor-content-grid qodef-extended-grid qodef-extended-grid--right qodef-custom-side-padding elementor-section-boxed elementor-section-height-default elementor-section-height-default\" data-id=\"f2575f5\" data-element_type=\"section\" data-e-type=\"section\" data-settings=\"{&quot;background_background&quot;:&quot;classic&quot;}\">\n\t\t\t\t\t\t<div class=\"elementor-container elementor-column-gap-default\">\n\t\t\t\t\t<div class=\"elementor-column elementor-col-100 elementor-top-column elementor-element elementor-element-bc91e3d\" data-id=\"bc91e3d\" data-element_type=\"column\" data-e-type=\"column\" data-settings=\"{&quot;background_background&quot;:&quot;classic&quot;}\">\n\t\t\t<div class=\"elementor-widget-wrap elementor-element-populated\">\n\t\t\t\t\t\t<div class=\"elementor-element elementor-element-ca9914f qodef-parallax-image elementor-widget elementor-widget-reina_core_image_section_info\" data-id=\"ca9914f\" data-element_type=\"widget\" data-e-type=\"widget\" data-widget_type=\"reina_core_image_section_info.default\">\n\t\t\t\t<div class=\"elementor-widget-container\">\n\t\t\t\t\t<div class=\"qodef-shortcode qodef-m  qodef-image-section-info qodef-layout--standard qodef--left qodef--has-appear \">\n\t<div class=\"qodef-m-inner clear\">\n\t\t\n<div class=\"qodef-m-image\" style=\"color: #F7EFE8\">\n\t<img loading=\"lazy\" decoding=\"async\" width=\"1280\" height=\"720\" src=\"https:\/\/hayaheilpraxis.de\/wp-content\/uploads\/2021\/12\/ayurveda-1.jpg\" class=\"attachment-full size-full\" alt=\"\" srcset=\"https:\/\/hayaheilpraxis.de\/wp-content\/uploads\/2021\/12\/ayurveda-1.jpg 1280w, https:\/\/hayaheilpraxis.de\/wp-content\/uploads\/2021\/12\/ayurveda-1-300x169.jpg 300w, https:\/\/hayaheilpraxis.de\/wp-content\/uploads\/2021\/12\/ayurveda-1-1024x576.jpg 1024w, https:\/\/hayaheilpraxis.de\/wp-content\/uploads\/2021\/12\/ayurveda-1-768x432.jpg 768w, https:\/\/hayaheilpraxis.de\/wp-content\/uploads\/2021\/12\/ayurveda-1-600x338.jpg 600w\" sizes=\"(max-width: 1280px) 100vw, 1280px\" \/><\/div>\n\t\t<div class=\"qodef-m-content\">\n\t\t\t\t\t\t<div class=\"qodef-m-heading\">\n\t\t\t\t\t<span class=\"qodef-m-subtitle qodef-h7\" style=\"color: #A1B8C4\">Kur<\/span>\n\t\t\t\t\t<h3 class=\"qodef-m-title\" style=\"color: #A49B9A\">Was kann Ayurveda f\u00fcr Sie tun?<\/h3>\n\t\t\t<\/div>\n\t\t\t\t<div class=\"qodef-m-text\" style=\"color: #A49B9A\">Der Schwerpunkt und das Ziel ayurvedischer Behandlung ist, die Selbstheilungskr\u00e4fte des K\u00f6rpers zu aktivieren. Ayurveda ist eine Lebensphilosophie, die zur L\u00e4uterung der Seele und Entgiftung des K\u00f6rpers Anwendung findet.\n<ul style=\"margin-top: 28px\">\n<li> Die Einheiten sind auf Ihre Bed\u00fcrfnisse zugeschnitten<\/li>\n<li> Lebensstil, Motivation, Gedanken, \u00dcberzeugungen, Verhaltensweisen<\/li>\n<li> Darmgesundheit, toxische Belastung, Stress- und Angstbew\u00e4ltigung,<\/li>\n<li> Meditationstechniken und spirituelle Erkundung.<\/li><\/li>\n<li>Pers\u00f6nliche Entwicklung <\/li>\n\n<\/ul><\/div>\n\n\n\t\t\t\t\t<\/div>\n\t<\/div>\n<\/div>\n\t\t\t\t<\/div>\n\t\t\t\t<\/div>\n\t\t\t\t\t<\/div>\n\t\t<\/div>\n\t\t\t\t\t<\/div>\n\t\t<\/section>\n\t\t\t\t<section class=\"elementor-section elementor-top-section elementor-element elementor-element-77f0015 qodef-elementor-content-grid elementor-section-boxed elementor-section-height-default elementor-section-height-default\" data-id=\"77f0015\" data-element_type=\"section\" data-e-type=\"section\">\n\t\t\t\t\t\t<div class=\"elementor-container elementor-column-gap-default\">\n\t\t\t\t\t<div class=\"elementor-column elementor-col-100 elementor-top-column elementor-element elementor-element-7b7d640\" data-id=\"7b7d640\" data-element_type=\"column\" data-e-type=\"column\">\n\t\t\t<div class=\"elementor-widget-wrap elementor-element-populated\">\n\t\t\t\t\t\t<div class=\"elementor-element elementor-element-48b5b1d qodef-parallax-image elementor-widget__width-initial elementor-widget elementor-widget-image\" data-id=\"48b5b1d\" data-element_type=\"widget\" data-e-type=\"widget\" data-widget_type=\"image.default\">\n\t\t\t\t<div class=\"elementor-widget-container\">\n\t\t\t\t\t\t\t\t\t\t\t\t\t\t\t<img loading=\"lazy\" decoding=\"async\" width=\"150\" height=\"150\" src=\"https:\/\/hayaheilpraxis.de\/wp-content\/uploads\/2021\/08\/Unbenannt-44-e1629218606687-150x150.png\" class=\"attachment-thumbnail size-thumbnail wp-image-18691\" alt=\"\" srcset=\"https:\/\/hayaheilpraxis.de\/wp-content\/uploads\/2021\/08\/Unbenannt-44-e1629218606687-150x150.png 150w, https:\/\/hayaheilpraxis.de\/wp-content\/uploads\/2021\/08\/Unbenannt-44-e1629218606687-300x300.png 300w, https:\/\/hayaheilpraxis.de\/wp-content\/uploads\/2021\/08\/Unbenannt-44-e1629218606687-1024x1024.png 1024w, https:\/\/hayaheilpraxis.de\/wp-content\/uploads\/2021\/08\/Unbenannt-44-e1629218606687-768x768.png 768w, https:\/\/hayaheilpraxis.de\/wp-content\/uploads\/2021\/08\/Unbenannt-44-e1629218606687-650x650.png 650w, https:\/\/hayaheilpraxis.de\/wp-content\/uploads\/2021\/08\/Unbenannt-44-e1629218606687-600x600.png 600w, https:\/\/hayaheilpraxis.de\/wp-content\/uploads\/2021\/08\/Unbenannt-44-e1629218606687-100x100.png 100w\" sizes=\"(max-width: 150px) 100vw, 150px\" \/>\t\t\t\t\t\t\t\t\t\t\t\t\t\t\t<\/div>\n\t\t\t\t<\/div>\n\t\t\t\t<div class=\"elementor-element elementor-element-ccf8150 elementor-widget elementor-widget-reina_core_button\" data-id=\"ccf8150\" data-element_type=\"widget\" data-e-type=\"widget\" data-widget_type=\"reina_core_button.default\">\n\t\t\t\t<div class=\"elementor-widget-container\">\n\t\t\t\t\t<a class=\"qodef-shortcode qodef-m  qodef-button qodef-layout--textual  qodef-html--link\" href=\"https:\/\/hayaheilpraxis.de\/meine-leistungen\/\" target=\"_self\"  style=\"color: #FFFFFF\">\n\t<span class=\"qodef-m-text\">ZUR\u00dcCK ZU MEINE LEISTUNGEN\t\t<span class=\"qodef-m-strip\" style=\"background-color: #B3246494\"><\/span>\n\t<\/span>\n<\/a>\n\t\t\t\t<\/div>\n\t\t\t\t<\/div>\n\t\t\t\t\t<\/div>\n\t\t<\/div>\n\t\t\t\t\t<\/div>\n\t\t<\/section>\n\t\t\t\t<\/div>\n\t\t","protected":false},"excerpt":{"rendered":"<p>Ayurveda Medical Wellness Ayurveda dient der Vorbeugung und Erhaltung von dauerhafter Gesundheit bis ins hohe Alter. Es entgiftet und reinigt den K\u00f6rper und ist hilfreich zur Genesung und Erholung nach akuten und chronischen Krankheiten. Jetzt buchen Kur Was kann Ayurveda f\u00fcr Sie tun? Der Schwerpunkt und das Ziel ayurvedischer Behandlung ist, die Selbstheilungskr\u00e4fte des K\u00f6rpers [&hellip;]<\/p>\n","protected":false},"author":1,"featured_media":0,"parent":0,"menu_order":0,"comment_status":"closed","ping_status":"closed","template":"page-full-width.php","meta":{"footnotes":""},"class_list":["post-15","page","type-page","status-publish","hentry"],"_links":{"self":[{"href":"https:\/\/hayaheilpraxis.de\/de\/wp-json\/wp\/v2\/pages\/15","targetHints":{"allow":["GET"]}}],"collection":[{"href":"https:\/\/hayaheilpraxis.de\/de\/wp-json\/wp\/v2\/pages"}],"about":[{"href":"https:\/\/hayaheilpraxis.de\/de\/wp-json\/wp\/v2\/types\/page"}],"author":[{"embeddable":true,"href":"https:\/\/hayaheilpraxis.de\/de\/wp-json\/wp\/v2\/users\/1"}],"replies":[{"embeddable":true,"href":"https:\/\/hayaheilpraxis.de\/de\/wp-json\/wp\/v2\/comments?post=15"}],"version-history":[{"count":121,"href":"https:\/\/hayaheilpraxis.de\/de\/wp-json\/wp\/v2\/pages\/15\/revisions"}],"predecessor-version":[{"id":24120,"href":"https:\/\/hayaheilpraxis.de\/de\/wp-json\/wp\/v2\/pages\/15\/revisions\/24120"}],"wp:attachment":[{"href":"https:\/\/hayaheilpraxis.de\/de\/wp-json\/wp\/v2\/media?parent=15"}],"curies":[{"name":"wp","href":"https:\/\/api.w.org\/{rel}","templated":true}]}}