{"id":4180,"date":"2020-10-02T12:12:12","date_gmt":"2020-10-02T10:12:12","guid":{"rendered":"https:\/\/reina.qodeinteractive.com\/?page_id=4180"},"modified":"2025-10-13T11:24:40","modified_gmt":"2025-10-13T09:24:40","slug":"preisliste","status":"publish","type":"page","link":"https:\/\/hayaheilpraxis.de\/en\/preisliste\/","title":{"rendered":"Price List"},"content":{"rendered":"<div data-elementor-type=\"wp-page\" data-elementor-id=\"4180\" class=\"elementor elementor-4180\">\n\t\t\t\t\t\t<section class=\"elementor-section elementor-top-section elementor-element elementor-element-c2a57c4 elementor-section-full_width qodef-elementor-content-grid elementor-section-height-default elementor-section-height-default\" data-id=\"c2a57c4\" data-element_type=\"section\" data-e-type=\"section\">\n\t\t\t\t\t\t<div class=\"elementor-container elementor-column-gap-no\">\n\t\t\t\t\t<div class=\"elementor-column elementor-col-100 elementor-top-column elementor-element elementor-element-51c46f8\" data-id=\"51c46f8\" data-element_type=\"column\" data-e-type=\"column\">\n\t\t\t<div class=\"elementor-widget-wrap elementor-element-populated\">\n\t\t\t\t\t\t<div class=\"elementor-element elementor-element-2e3e4b7 elementor-widget-mobile__width-inherit elementor-widget elementor-widget-reina_core_section_title\" data-id=\"2e3e4b7\" data-element_type=\"widget\" data-e-type=\"widget\" data-widget_type=\"reina_core_section_title.default\">\n\t\t\t\t<div class=\"elementor-widget-container\">\n\t\t\t\t\t<div class=\"qodef-shortcode qodef-m  qodef-section-title\">\n\t<div class=\"qodef-m-heading\">\n\t\t\t\t\t<h2 class=\"qodef-m-title\" >\n\t\t\t\t\tPrice List\t\t\t<\/h2>\n\t<\/div>\n\t\t<p class=\"qodef-m-text\" style=\"margin-top: 17px\">Liebe G\u00e4ste! Jeder wei\u00df, dass der Grund, warum Qualit\u00e4t ihren Preis hat, darin liegt, dass es Jahre und zahllose Anstrengungen braucht, um eine Marke aufzubauen, die Produkte  bester Qualit\u00e4t herstellt. <\/p>\n\t<\/div>\t\t\t\t<\/div>\n\t\t\t\t<\/div>\n\t\t\t\t<div class=\"elementor-element elementor-element-2946c71 elementor-widget-mobile__width-inherit elementor-widget elementor-widget-reina_core_section_title\" data-id=\"2946c71\" data-element_type=\"widget\" data-e-type=\"widget\" data-widget_type=\"reina_core_section_title.default\">\n\t\t\t\t<div class=\"elementor-widget-container\">\n\t\t\t\t\t<div class=\"qodef-shortcode qodef-m  qodef-section-title\">\n\t<div class=\"qodef-m-heading\">\n\t\t\t\t\t<\/div>\n\t\t<p class=\"qodef-m-text\" style=\"margin-top: 17px\">Diese Praxis zielt darauf ab, den Kunden bei der Stress- und Schmerzbew\u00e4ltigung zu helfen, indem sie den Bedarf an verschreibungspflichtigen Medikamenten reduziert. Die meisten Dienstleistungen sind mit traditionellen chinesischen, ayurvedischen Heilk\u00fcnsten und anderen therapeutischen Elementen verbunden.<\/p>\n\t<\/div>\t\t\t\t<\/div>\n\t\t\t\t<\/div>\n\t\t\t\t\t<\/div>\n\t\t<\/div>\n\t\t\t\t\t<\/div>\n\t\t<\/section>\n\t\t\t\t<section class=\"elementor-section elementor-top-section elementor-element elementor-element-8075a90 qodef-elementor-content-grid elementor-reverse-tablet elementor-reverse-mobile elementor-section-boxed elementor-section-height-default elementor-section-height-default\" data-id=\"8075a90\" data-element_type=\"section\" data-e-type=\"section\" data-settings=\"{&quot;background_background&quot;:&quot;classic&quot;}\">\n\t\t\t\t\t\t<div class=\"elementor-container elementor-column-gap-default\">\n\t\t\t\t\t<div class=\"elementor-column elementor-col-100 elementor-top-column elementor-element elementor-element-b84932b\" data-id=\"b84932b\" data-element_type=\"column\" data-e-type=\"column\">\n\t\t\t<div class=\"elementor-widget-wrap elementor-element-populated\">\n\t\t\t\t\t\t<section class=\"elementor-section elementor-inner-section elementor-element elementor-element-30f3e23 elementor-section-boxed elementor-section-height-default elementor-section-height-default qodef-elementor-content-no\" data-id=\"30f3e23\" data-element_type=\"section\" data-e-type=\"section\" data-settings=\"{&quot;background_background&quot;:&quot;classic&quot;}\">\n\t\t\t\t\t\t<div class=\"elementor-container elementor-column-gap-default\">\n\t\t\t\t\t<div class=\"elementor-column elementor-col-100 elementor-inner-column elementor-element elementor-element-8e78bc1\" data-id=\"8e78bc1\" data-element_type=\"column\" data-e-type=\"column\">\n\t\t\t<div class=\"elementor-widget-wrap elementor-element-populated\">\n\t\t\t\t\t\t<div class=\"elementor-element elementor-element-4e511a3 elementor-widget elementor-widget-qi_addons_for_elementor_section_title\" data-id=\"4e511a3\" data-element_type=\"widget\" data-e-type=\"widget\" data-widget_type=\"qi_addons_for_elementor_section_title.default\">\n\t\t\t\t<div class=\"elementor-widget-container\">\n\t\t\t\t\t<div class=\"qodef-shortcode qodef-m qodef-qi-section-title qodef-decoration--italic qodef-link--underline-draw qodef-subtitle-icon--left\">\n\t\t\t\t<h3 class=\"qodef-m-subtitle\">\n\t\t100% Ganzheitlich\t\t\t<\/h3>\n\t\t\t\t\t<div class=\"qodef-m-text\"><p><span style=\"color: #ffffff\">Liebe G\u00e4ste! Sie k\u00f6nnen Behandlungen im Voraus einige Wochen vor Ihrer besuch buchen. <\/span><span style=\"color: #ffffff\">Wenn Sie den Termin stornieren m\u00f6chten, bitte ich Sie, mich dar\u00fcber im Voraus zu informieren - mindestens 2 Tag vor dem geplanten Termin.<\/span><\/p><\/div>\n\t<\/div>\n\t\t\t\t<\/div>\n\t\t\t\t<\/div>\n\t\t\t\t\t<\/div>\n\t\t<\/div>\n\t\t\t\t\t<\/div>\n\t\t<\/section>\n\t\t\t\t\t<\/div>\n\t\t<\/div>\n\t\t\t\t\t<\/div>\n\t\t<\/section>\n\t\t\t\t<section class=\"elementor-section elementor-top-section elementor-element elementor-element-ff317bc qodef-elementor-content-grid elementor-section-full_width elementor-section-height-default elementor-section-height-default\" data-id=\"ff317bc\" data-element_type=\"section\" data-e-type=\"section\" data-settings=\"{&quot;background_background&quot;:&quot;classic&quot;}\">\n\t\t\t\t\t\t\t<div class=\"elementor-background-overlay\"><\/div>\n\t\t\t\t\t\t\t<div class=\"elementor-container elementor-column-gap-no\">\n\t\t\t\t\t<div class=\"elementor-column elementor-col-50 elementor-top-column elementor-element elementor-element-4db6bb6\" data-id=\"4db6bb6\" data-element_type=\"column\" data-e-type=\"column\">\n\t\t\t<div class=\"elementor-widget-wrap elementor-element-populated\">\n\t\t\t\t\t\t<div class=\"elementor-element elementor-element-61419cd5 elementor-widget elementor-widget-reina_core_pricing_list\" data-id=\"61419cd5\" data-element_type=\"widget\" data-e-type=\"widget\" data-widget_type=\"reina_core_pricing_list.default\">\n\t\t\t\t<div class=\"elementor-widget-container\">\n\t\t\t\t\t<div class=\"qodef-shortcode qodef-m  qodef-pricing-list\">\n\t<div class=\"qodef-m-items\">\n\t\t\t\t\t<div class=\"qodef-m-item qodef-e\">\n\t\t\t\t\t\t\t\t\t\t\t\t<div class=\"qodef-e-content\">\n\t\t\t\t\t<div class=\"qodef-e-heading\">\n\t\t\t\t\t\t\t<h5 class=\"qodef-e-title\">Case history<\/h5>\n\t\t\t\t\t\t\t<span class=\"qodef-e-line\"><\/span>\n\t<span class=\"qodef-e-price\">\n\t\t\t\t<span class=\"qodef-e-price-value\">\u20ac70<\/span>\n\t<\/span>\n\t\t\t\t\t<\/div>\n\t\t\t\t\t\t<p class=\"qodef-e-text\">Erstanamnese ist besonders ausf\u00fchrlich, damit ich ein umfassendes Bild von Ihnen machen kann.<\/p>\n\t\t\t\t<\/div>\n\t\t\t<\/div>\n\t\t\t\t\t<div class=\"qodef-m-item qodef-e\">\n\t\t\t\t\t\t\t\t\t\t\t\t<div class=\"qodef-e-content\">\n\t\t\t\t\t<div class=\"qodef-e-heading\">\n\t\t\t\t\t\t\t<h5 class=\"qodef-e-title\">Homeopathy<\/h5>\n\t\t\t\t\t\t\t<span class=\"qodef-e-line\"><\/span>\n\t<span class=\"qodef-e-price\">\n\t\t\t\t\t<span class=\"qodef-e-price-label\">from<\/span>\n\t\t\t\t<span class=\"qodef-e-price-value\">\u20ac40<\/span>\n\t<\/span>\n\t\t\t\t\t<\/div>\n\t\t\t\t\t\t<p class=\"qodef-e-text\">F\u00fcr die Wahl des passenden Hom\u00f6opathie-Mittels suche ich nicht nur nach k\u00f6rperlichen, sondern auch nach geistigen Symptomen, dabei ber\u00fccksichtige ich beispielsweise auch die Gef\u00fchlswelt und das Allgemeinbefinden..<\/p>\n\t\t\t\t<\/div>\n\t\t\t<\/div>\n\t\t\t\t\t<div class=\"qodef-m-item qodef-e\">\n\t\t\t\t\t\t\t\t\t\t\t\t<div class=\"qodef-e-content\">\n\t\t\t\t\t<div class=\"qodef-e-heading\">\n\t\t\t\t\t\t\t<h5 class=\"qodef-e-title\">Abhyanga<\/h5>\n\t\t\t\t\t\t\t<span class=\"qodef-e-line\"><\/span>\n\t<span class=\"qodef-e-price\">\n\t\t\t\t<span class=\"qodef-e-price-value\">\u20ac90<\/span>\n\t<\/span>\n\t\t\t\t\t<\/div>\n\t\t\t\t\t\t<p class=\"qodef-e-text\">ist eine Ganzk\u00f6rper-\u00d6l-Massage. Ziel ist die Harmonisierung der K\u00f6rperenergien nach dem ayurvedischen Verst\u00e4ndnis.<\/p>\n\t\t\t\t<\/div>\n\t\t\t<\/div>\n\t\t\t\t\t<div class=\"qodef-m-item qodef-e\">\n\t\t\t\t\t\t\t\t\t\t\t\t<div class=\"qodef-e-content\">\n\t\t\t\t\t<div class=\"qodef-e-heading\">\n\t\t\t\t\t\t\t<h5 class=\"qodef-e-title\">Pindasweda<\/h5>\n\t\t\t\t\t\t\t<span class=\"qodef-e-line\"><\/span>\n\t<span class=\"qodef-e-price\">\n\t\t\t\t<span class=\"qodef-e-price-value\">\u20ac120<\/span>\n\t<\/span>\n\t\t\t\t\t<\/div>\n\t\t\t\t\t\t<p class=\"qodef-e-text\">Ein wirkungsvoller kleiner Kr\u00e4utersack \u2013 Der Pinda kann lokal \u2013 zum Beispiel an Knie, Oberschenkel und R\u00fccken \u2013 genutzt werden oder auch f\u00fcr den gesamten K\u00f6rper.<\/p>\n\t\t\t\t<\/div>\n\t\t\t<\/div>\n\t\t\t<\/div>\n<\/div>\n\t\t\t\t<\/div>\n\t\t\t\t<\/div>\n\t\t\t\t\t<\/div>\n\t\t<\/div>\n\t\t\t\t<div class=\"elementor-column elementor-col-50 elementor-top-column elementor-element elementor-element-3d506eb3\" data-id=\"3d506eb3\" data-element_type=\"column\" data-e-type=\"column\">\n\t\t\t<div class=\"elementor-widget-wrap elementor-element-populated\">\n\t\t\t\t\t\t<div class=\"elementor-element elementor-element-76313b26 elementor-widget elementor-widget-reina_core_pricing_list\" data-id=\"76313b26\" data-element_type=\"widget\" data-e-type=\"widget\" data-widget_type=\"reina_core_pricing_list.default\">\n\t\t\t\t<div class=\"elementor-widget-container\">\n\t\t\t\t\t<div class=\"qodef-shortcode qodef-m  qodef-pricing-list\">\n\t<div class=\"qodef-m-items\">\n\t\t\t\t\t<div class=\"qodef-m-item qodef-e\">\n\t\t\t\t\t\t\t\t\t\t\t\t<div class=\"qodef-e-content\">\n\t\t\t\t\t<div class=\"qodef-e-heading\">\n\t\t\t\t\t\t\t<h5 class=\"qodef-e-title\">Vasthi<\/h5>\n\t\t\t\t\t\t\t<span class=\"qodef-e-line\"><\/span>\n\t<span class=\"qodef-e-price\">\n\t\t\t\t\t<span class=\"qodef-e-price-label\">from<\/span>\n\t\t\t\t<span class=\"qodef-e-price-value\">\u20ac50<\/span>\n\t<\/span>\n\t\t\t\t\t<\/div>\n\t\t\t\t\t\t<p class=\"qodef-e-text\">Einlauf ist die effektivste Behandlung bei Vatha-St\u00f6rungen. Lindert Verstopfungen und einen Bl\u00e4hbauch, R\u00fcckenschmerzen, Ischias, Gelenk- und Kopfschmerzen<\/p>\n\t\t\t\t<\/div>\n\t\t\t<\/div>\n\t\t\t\t\t<div class=\"qodef-m-item qodef-e\">\n\t\t\t\t\t\t\t\t\t\t\t\t<div class=\"qodef-e-content\">\n\t\t\t\t\t<div class=\"qodef-e-heading\">\n\t\t\t\t\t\t\t<h5 class=\"qodef-e-title\">Nasya, Netra tarpana<\/h5>\n\t\t\t\t\t\t\t<span class=\"qodef-e-line\"><\/span>\n\t<span class=\"qodef-e-price\">\n\t\t\t\t\t<span class=\"qodef-e-price-label\">from<\/span>\n\t\t\t\t<span class=\"qodef-e-price-value\">\u20ac30<\/span>\n\t<\/span>\n\t\t\t\t\t<\/div>\n\t\t\t\t\t\t<p class=\"qodef-e-text\">Bei akuten, aber vor allem bei chronischen Erkrankungen empfiehlt das Ayurveda das Nasya Karma und Netra tarpana. Dies ist eine sehr wirkungsvolle Reinigung der oberen Luftwege \u00fcber die Nase. Wenn Augen brennen, schmerzen, sehr trocken sind, oder im Gegenteil stark n\u00e4ssen.<\/p>\n\t\t\t\t<\/div>\n\t\t\t<\/div>\n\t\t\t\t\t<div class=\"qodef-m-item qodef-e\">\n\t\t\t\t\t\t\t\t\t\t\t\t<div class=\"qodef-e-content\">\n\t\t\t\t\t<div class=\"qodef-e-heading\">\n\t\t\t\t\t\t\t<h5 class=\"qodef-e-title\">Karanapurana<\/h5>\n\t\t\t\t\t\t\t<span class=\"qodef-e-line\"><\/span>\n\t<span class=\"qodef-e-price\">\n\t\t\t\t<span class=\"qodef-e-price-value\">\u20ac30<\/span>\n\t<\/span>\n\t\t\t\t\t<\/div>\n\t\t\t\t\t\t<p class=\"qodef-e-text\">ist eine subtile und tiefe Behandlung des Geh\u00f6rgangs und der Ohrmuschel. Die Ohrenbehandlung kann bei nervlicher Anspannung, Rastlosigkeit und \u00dcberdrehtheit beruhigend wirken.  Sie er\u00f6ffnet einen Raum der Stille \u2013 zur Ruhe zu kommen und sich mit sich selbst zu verbinden.<\/p>\n\t\t\t\t<\/div>\n\t\t\t<\/div>\n\t\t\t<\/div>\n<\/div>\n\t\t\t\t<\/div>\n\t\t\t\t<\/div>\n\t\t\t\t\t<\/div>\n\t\t<\/div>\n\t\t\t\t\t<\/div>\n\t\t<\/section>\n\t\t\t\t<section class=\"elementor-section elementor-top-section elementor-element elementor-element-abc0c7c qodef-elementor-content-grid elementor-section-boxed elementor-section-height-default elementor-section-height-default\" data-id=\"abc0c7c\" data-element_type=\"section\" data-e-type=\"section\" data-settings=\"{&quot;background_background&quot;:&quot;classic&quot;}\">\n\t\t\t\t\t\t<div class=\"elementor-container elementor-column-gap-default\">\n\t\t\t\t\t<div class=\"elementor-column elementor-col-100 elementor-top-column elementor-element elementor-element-3bc5c94\" data-id=\"3bc5c94\" data-element_type=\"column\" data-e-type=\"column\">\n\t\t\t<div class=\"elementor-widget-wrap elementor-element-populated\">\n\t\t\t\t\t\t<div class=\"elementor-element elementor-element-d107dfe elementor-widget elementor-widget-reina_core_background_svg\" data-id=\"d107dfe\" data-element_type=\"widget\" data-e-type=\"widget\" data-widget_type=\"reina_core_background_svg.default\">\n\t\t\t\t<div class=\"elementor-widget-container\">\n\t\t\t\t\t<div class=\"qodef-shortcode qodef-m  qodef-background-svg qodef-layout--default\" >\n\t<div class=\"qodef-e qodef-m-svg qodef-background-svg-509 qodef--draw-svg\" style=\"width: 67%;stroke: #DD993336;top: -250px;left: 20%\" >\n\t\t\t<svg xmlns=\"http:\/\/www.w3.org\/2000\/svg\" xmlns:xlink=\"http:\/\/www.w3.org\/1999\/xlink\" x=\"0px\" y=\"0px\"\n\t viewbox=\"0 0 644.7 483.7\" xml:space=\"preserve\">\n\n<path d=\"M76,483.5c0,0,12.1-64.2,22.1-96s16.6-50.3,16.6-50.3s12.9-13.9,51.2,19.7s70.3,62.6,108.7,56\tc38.4-6.6,25.1-26.5,15.9-23.2s-60.4,39.2-75.4,37.7s-71-43.9-84.7-62.8c-13.7-18.9-13.4-36-13.4-36s16.4-44.3,28.9-63.5\tc12.5-19.3,8.8-12.1,8.8-12.1s-14.9,11.8,18.9,66.4s9.7,133,9.7,133s40.2-43.7,36.4-111.8s-20.7-81.5-27.5-88.8\tc-6.8-7.3-16.4-19-23.9-14.6c-7.5,4.4-3.3-0.1-3.3-0.1s22.7-33.3,39.1-42.7c0,0,31,30.6,44.6,86.4c13.6,55.8,53.1,100.5,83.1,114.7\tc0,0-14.5-15-27.7-37.6c-13.2-22.6-21.7-80.5-32-109.7c-10.3-29.2-44.9-57.8-54.4-58.7s-6.7-3.1-6.7-3.1s23.8-16.7,26.8-14.9\tc0,0,41.7,3.9,74.3,64.1s59.1,102,103.4,108.8c0,0-24.5-17.3-38-40.3c-13.5-23-6-35.1-24.4-64.6c-18.3-29.5-26.6-48.9-54.6-61\tc-28-12.1-48.7-14.2-52.1-13.7c-3.4,0.5,33.3-18.6,45-19.7s1.7-1.6,1.7-1.6s55.7,49.7,83.7,88.2S451,309.5,491.5,312\tc0,0-23.2-16.6-45.4-47.6c-22.3-31-50.1-72.1-83.7-91.7S299.9,143,299.9,143s55.2-15.7,150.3,3.3s135.2,74.8,135.2,74.8\ts-71,7.7-125.9-17.5s-96.8-61.3-96.8-61.3s3.1,6.8,20.9-20.6c17.8-27.5,34.6-82.4,64-98.7s72.4-21.3,72.4-21.3s-40.6,22.1-54.3,47.1\tc-13.7,24.9-5.7,35-26.4,50.2s-111.7,31.3-111.7,31.3S367,104,389.6,74.7s48.5-70.2,48.5-70.2s-64.2,40.1-87.2,66\tc-23.1,25.9-38.7,41.1-40.8,59.1c0,0-30.5,12.2-39.1,15.6c-8.6,3.4-8.6,3.4-8.6,3.4s30-44.5,69.6-64.4s63.2-23.1,66.4-18.9\tc3.2,4.1-5.8-23-44.3-14.4S274.8,72,250.8,129.7c0,0-9,25.1-8.4,27.8s-37.8,26-37.8,26s16.3-14.5,29.6-47.4s23.7-60.1,41.4-77.1\tc17.7-17.1,42.2-28.9,28.7-15.7c-13.5,13.2-52.3,32.3-66.8,51c-14.5,18.6-34.1,49-39.9,71.3c-5.9,22.2-4.5,30.6-4.5,30.6l-16,15.5\tc0,0-9.2-5-3.3-27.9c5.9-22.9,33-56.6,52.4-66s15.7-8.8,15.7-8.8s-15.7-4.2-27.6,2.3c-11.8,6.5-45.9,21.3-55,50.9\tc-9.1,29.7-17.3,36.1-4.2,68.4c0,0-22.1,34.7-23.7,42c0,0-6.8-31.7,4.5-55.8s26.9-53.3,41.5-60.4c14.6-7-25.1,0.1-44.8,32.5\ts-29.8,70.9-26.8,105.5s4.5,32,4.5,32l-8.9,23.1c0,0-15.4-18-14.3-55.8s10.1-73.3,24.5-90.5c0,0-45,37.8-48.3,89.9\tc-3.3,52.1,20.8,97.6,20.8,97.6L64,465.6\"\/>\n<\/svg>\t<\/div>\n<\/div>\n\t\t\t\t<\/div>\n\t\t\t\t<\/div>\n\t\t\t\t\t<\/div>\n\t\t<\/div>\n\t\t\t\t\t<\/div>\n\t\t<\/section>\n\t\t\t\t<section class=\"elementor-section elementor-top-section elementor-element elementor-element-3bdb7f59 qodef-elementor-content-grid elementor-section-boxed elementor-section-height-default elementor-section-height-default\" data-id=\"3bdb7f59\" data-element_type=\"section\" data-e-type=\"section\">\n\t\t\t\t\t\t<div class=\"elementor-container elementor-column-gap-default\">\n\t\t\t\t\t<div class=\"elementor-column elementor-col-50 elementor-top-column elementor-element elementor-element-6e6d3069\" data-id=\"6e6d3069\" data-element_type=\"column\" data-e-type=\"column\">\n\t\t\t<div class=\"elementor-widget-wrap elementor-element-populated\">\n\t\t\t\t\t\t<div class=\"elementor-element elementor-element-7e8c532a elementor-widget elementor-widget-reina_core_pricing_list\" data-id=\"7e8c532a\" data-element_type=\"widget\" data-e-type=\"widget\" data-widget_type=\"reina_core_pricing_list.default\">\n\t\t\t\t<div class=\"elementor-widget-container\">\n\t\t\t\t\t<div class=\"qodef-shortcode qodef-m  qodef-pricing-list\">\n\t<div class=\"qodef-m-items\">\n\t\t\t\t\t<div class=\"qodef-m-item qodef-e\">\n\t\t\t\t\t\t\t\t\t\t\t\t<div class=\"qodef-e-content\">\n\t\t\t\t\t<div class=\"qodef-e-heading\">\n\t\t\t\t\t\t\t<h5 class=\"qodef-e-title\">Acupuncture<\/h5>\n\t\t\t\t\t\t\t<span class=\"qodef-e-line\"><\/span>\n\t<span class=\"qodef-e-price\">\n\t\t\t\t<span class=\"qodef-e-price-value\">\u20ac60<\/span>\n\t<\/span>\n\t\t\t\t\t<\/div>\n\t\t\t\t\t\t<p class=\"qodef-e-text\">\u00dcber den Einstich feiner Nadeln an bestimmten K\u00f6rperpunkten auf den Meridianen l\u00e4sst sich der Qi-Fluss regulieren. Stauungen werden gel\u00f6st, ein Zuviel oder Zuwenig an Energie ausgeglichen \u2013 wirkungsvoll und weitestgehend frei von Nebenwirkungen.<\/p>\n\t\t\t\t<\/div>\n\t\t\t<\/div>\n\t\t\t\t\t<div class=\"qodef-m-item qodef-e\">\n\t\t\t\t\t\t\t\t\t\t\t\t<div class=\"qodef-e-content\">\n\t\t\t\t\t<div class=\"qodef-e-heading\">\n\t\t\t\t\t\t\t<h5 class=\"qodef-e-title\">Moxibustion<\/h5>\n\t\t\t\t\t\t\t<span class=\"qodef-e-line\"><\/span>\n\t<span class=\"qodef-e-price\">\n\t\t\t\t\t<span class=\"qodef-e-price-label\">from<\/span>\n\t\t\t\t<span class=\"qodef-e-price-value\">\u20ac20<\/span>\n\t<\/span>\n\t\t\t\t\t<\/div>\n\t\t\t\t\t\t<p class=\"qodef-e-text\">auch Moxa-Therapie oder kurz Moxen, bezeichnet den Vorgang der Erw\u00e4rmung von speziellen Punkten des K\u00f6rpers.<\/p>\n\t\t\t\t<\/div>\n\t\t\t<\/div>\n\t\t\t\t\t<div class=\"qodef-m-item qodef-e\">\n\t\t\t\t\t\t\t\t\t\t\t\t<div class=\"qodef-e-content\">\n\t\t\t\t\t<div class=\"qodef-e-heading\">\n\t\t\t\t\t\t\t<h5 class=\"qodef-e-title\">Gua sha<\/h5>\n\t\t\t\t\t\t\t<span class=\"qodef-e-line\"><\/span>\n\t<span class=\"qodef-e-price\">\n\t\t\t\t\t<span class=\"qodef-e-price-label\">from<\/span>\n\t\t\t\t<span class=\"qodef-e-price-value\">\u20ac20<\/span>\n\t<\/span>\n\t\t\t\t\t<\/div>\n\t\t\t\t\t\t<p class=\"qodef-e-text\">Die Haut, in der Regel am R\u00fccken des Patienten, wird mittels eines speziellen stumpfen Werkzeuges geschabt, bis eine starke R\u00f6tung, bzw. Einblutungen unter der Haut entstehen. die besonders wirkungsvoll bei Nackenverspannungen, R\u00fcckenschmerzen und Kopfschmerzen ist.<\/p>\n\t\t\t\t<\/div>\n\t\t\t<\/div>\n\t\t\t\t\t<div class=\"qodef-m-item qodef-e\">\n\t\t\t\t\t\t\t\t\t\t\t\t<div class=\"qodef-e-content\">\n\t\t\t\t\t<div class=\"qodef-e-heading\">\n\t\t\t\t\t\t\t<h5 class=\"qodef-e-title\">Cupping<\/h5>\n\t\t\t\t\t\t\t<span class=\"qodef-e-line\"><\/span>\n\t<span class=\"qodef-e-price\">\n\t\t\t\t\t<span class=\"qodef-e-price-label\">from<\/span>\n\t\t\t\t<span class=\"qodef-e-price-value\">\u20ac20<\/span>\n\t<\/span>\n\t\t\t\t\t<\/div>\n\t\t\t\t\t\t<p class=\"qodef-e-text\">ist ein traditionsreiches Heilverfahren, das etwa gegen Verspannungen und Schmerzen wirkt. Bei der Anwendung werden Gl\u00e4ser so auf die Haut gesetzt, dass ein Unterdruck entsteht.<\/p>\n\t\t\t\t<\/div>\n\t\t\t<\/div>\n\t\t\t<\/div>\n<\/div>\n\t\t\t\t<\/div>\n\t\t\t\t<\/div>\n\t\t\t\t\t<\/div>\n\t\t<\/div>\n\t\t\t\t<div class=\"elementor-column elementor-col-50 elementor-top-column elementor-element elementor-element-41698dab\" data-id=\"41698dab\" data-element_type=\"column\" data-e-type=\"column\">\n\t\t\t<div class=\"elementor-widget-wrap elementor-element-populated\">\n\t\t\t\t\t\t<div class=\"elementor-element elementor-element-35b34e39 elementor-widget elementor-widget-reina_core_pricing_list\" data-id=\"35b34e39\" data-element_type=\"widget\" data-e-type=\"widget\" data-widget_type=\"reina_core_pricing_list.default\">\n\t\t\t\t<div class=\"elementor-widget-container\">\n\t\t\t\t\t<div class=\"qodef-shortcode qodef-m  qodef-pricing-list\">\n\t<div class=\"qodef-m-items\">\n\t\t\t\t\t<div class=\"qodef-m-item qodef-e\">\n\t\t\t\t\t\t\t\t\t\t\t\t<div class=\"qodef-e-content\">\n\t\t\t\t\t<div class=\"qodef-e-heading\">\n\t\t\t\t\t\t\t<h5 class=\"qodef-e-title\">Diet Care<\/h5>\n\t\t\t\t\t\t\t<span class=\"qodef-e-line\"><\/span>\n\t<span class=\"qodef-e-price\">\n\t\t\t\t<span class=\"qodef-e-price-value\">\u20ac200<\/span>\n\t<\/span>\n\t\t\t\t\t<\/div>\n\t\t\t\t\t\t<p class=\"qodef-e-text\">Es handelt sich um die Ma\u00dfnahmen rund um das Thema gesunde Ern\u00e4hrung. Das Ziel ist, mit der Ern\u00e4hrung Krankheiten zu vermeiden bzw. deren Verlauf positiv zu beeinflussen.<\/p>\n\t\t\t\t<\/div>\n\t\t\t<\/div>\n\t\t\t\t\t<div class=\"qodef-m-item qodef-e\">\n\t\t\t\t\t\t\t\t\t\t\t\t<div class=\"qodef-e-content\">\n\t\t\t\t\t<div class=\"qodef-e-heading\">\n\t\t\t\t\t\t\t<h5 class=\"qodef-e-title\">Gesundheitscoaching<\/h5>\n\t\t\t\t\t\t\t<span class=\"qodef-e-line\"><\/span>\n\t<span class=\"qodef-e-price\">\n\t\t\t\t\t<span class=\"qodef-e-price-label\">from<\/span>\n\t\t\t\t<span class=\"qodef-e-price-value\">\u20ac100<\/span>\n\t<\/span>\n\t\t\t\t\t<\/div>\n\t\t\t\t\t\t<p class=\"qodef-e-text\">kann bei konkreten gesundheitsf\u00f6rdernden Strategien wie Ern\u00e4hrungsumstellung, Bewegungskonzepten, Regeneration und Resilienz Themen etc. eingesetzt werden, dabei ist vor allem die ganzheitliche sinnvolle Lebensf\u00fchrung eines Menschen im Focus.<\/p>\n\t\t\t\t<\/div>\n\t\t\t<\/div>\n\t\t\t\t\t<div class=\"qodef-m-item qodef-e\">\n\t\t\t\t\t\t\t\t\t\t\t\t<div class=\"qodef-e-content\">\n\t\t\t\t\t<div class=\"qodef-e-heading\">\n\t\t\t\t\t\t\t<h5 class=\"qodef-e-title\">Online Coaching<\/h5>\n\t\t\t\t\t\t\t<span class=\"qodef-e-line\"><\/span>\n\t<span class=\"qodef-e-price\">\n\t\t\t\t<span class=\"qodef-e-price-value\">\u20ac50<\/span>\n\t<\/span>\n\t\t\t\t\t<\/div>\n\t\t\t\t\t\t<p class=\"qodef-e-text\">60 Minuten 1:1-Beratung (online via Zoom)\nganz individuell an Ihre Bed\u00fcrfnisse angepasst mit einem Follow-Up f\u00fcr Ihr zentrales Thema.\nSie bekommen die Anleitungen mit, die Sie gerade am meisten brauchen.<\/p>\n\t\t\t\t<\/div>\n\t\t\t<\/div>\n\t\t\t<\/div>\n<\/div>\n\t\t\t\t<\/div>\n\t\t\t\t<\/div>\n\t\t\t\t\t<\/div>\n\t\t<\/div>\n\t\t\t\t\t<\/div>\n\t\t<\/section>\n\t\t\t\t<section class=\"elementor-section elementor-top-section elementor-element elementor-element-42236982 qodef-elementor-content-grid elementor-section-boxed elementor-section-height-default elementor-section-height-default\" data-id=\"42236982\" data-element_type=\"section\" data-e-type=\"section\">\n\t\t\t\t\t\t<div class=\"elementor-container elementor-column-gap-default\">\n\t\t\t\t\t<div class=\"elementor-column elementor-col-100 elementor-top-column elementor-element elementor-element-369fba10\" data-id=\"369fba10\" data-element_type=\"column\" data-e-type=\"column\">\n\t\t\t<div class=\"elementor-widget-wrap elementor-element-populated\">\n\t\t\t\t\t\t<div class=\"elementor-element elementor-element-5c0ff95 elementor-widget elementor-widget-reina_core_button\" data-id=\"5c0ff95\" data-element_type=\"widget\" data-e-type=\"widget\" data-widget_type=\"reina_core_button.default\">\n\t\t\t\t<div class=\"elementor-widget-container\">\n\t\t\t\t\t<a class=\"qodef-shortcode qodef-m  qodef-button qodef-layout--textual  qodef-html--link\" href=\"https:\/\/hayaheilpraxis.de\/en\/meine-leistungen\/\" target=\"_self\"  >\n\t<span class=\"qodef-m-text\">zur\u00fcck zu meinen Leistungen\t\t<span class=\"qodef-m-strip\" style=\"background-color: #B3246494\"><\/span>\n\t<\/span>\n<\/a>\n\t\t\t\t<\/div>\n\t\t\t\t<\/div>\n\t\t\t\t\t<\/div>\n\t\t<\/div>\n\t\t\t\t\t<\/div>\n\t\t<\/section>\n\t\t\t\t<\/div>","protected":false},"excerpt":{"rendered":"<p>Preisliste Liebe G\u00e4ste! Jeder wei\u00df, dass der Grund, warum Qualit\u00e4t ihren Preis hat, darin liegt, dass es Jahre und zahllose Anstrengungen braucht, um eine Marke aufzubauen, die Produkte bester Qualit\u00e4t herstellt. Diese Praxis zielt darauf ab, den Kunden bei der Stress- und Schmerzbew\u00e4ltigung zu helfen, indem sie den Bedarf an verschreibungspflichtigen Medikamenten reduziert. Die meisten [&hellip;]<\/p>\n","protected":false},"author":1,"featured_media":0,"parent":0,"menu_order":0,"comment_status":"closed","ping_status":"closed","template":"page-full-width.php","meta":{"footnotes":""},"class_list":["post-4180","page","type-page","status-publish","hentry"],"_links":{"self":[{"href":"https:\/\/hayaheilpraxis.de\/en\/wp-json\/wp\/v2\/pages\/4180","targetHints":{"allow":["GET"]}}],"collection":[{"href":"https:\/\/hayaheilpraxis.de\/en\/wp-json\/wp\/v2\/pages"}],"about":[{"href":"https:\/\/hayaheilpraxis.de\/en\/wp-json\/wp\/v2\/types\/page"}],"author":[{"embeddable":true,"href":"https:\/\/hayaheilpraxis.de\/en\/wp-json\/wp\/v2\/users\/1"}],"replies":[{"embeddable":true,"href":"https:\/\/hayaheilpraxis.de\/en\/wp-json\/wp\/v2\/comments?post=4180"}],"version-history":[{"count":258,"href":"https:\/\/hayaheilpraxis.de\/en\/wp-json\/wp\/v2\/pages\/4180\/revisions"}],"predecessor-version":[{"id":24117,"href":"https:\/\/hayaheilpraxis.de\/en\/wp-json\/wp\/v2\/pages\/4180\/revisions\/24117"}],"wp:attachment":[{"href":"https:\/\/hayaheilpraxis.de\/en\/wp-json\/wp\/v2\/media?parent=4180"}],"curies":[{"name":"wp","href":"https:\/\/api.w.org\/{rel}","templated":true}]}}