{"id":5853,"date":"2020-10-12T10:47:13","date_gmt":"2020-10-12T08:47:13","guid":{"rendered":"https:\/\/reina.qodeinteractive.com\/?page_id=5853"},"modified":"2025-10-13T11:31:02","modified_gmt":"2025-10-13T09:31:02","slug":"praxisphilosophie","status":"publish","type":"page","link":"https:\/\/hayaheilpraxis.de\/en\/praxisphilosophie\/","title":{"rendered":"My approach"},"content":{"rendered":"<div data-elementor-type=\"wp-page\" data-elementor-id=\"5853\" class=\"elementor elementor-5853\">\n\t\t\t\t\t\t<section class=\"elementor-section elementor-top-section elementor-element elementor-element-7093f4d qodef-elementor-content-grid elementor-section-full_width elementor-section-height-default elementor-section-height-default\" data-id=\"7093f4d\" data-element_type=\"section\" data-e-type=\"section\">\n\t\t\t\t\t\t<div class=\"elementor-container elementor-column-gap-extended\">\n\t\t\t\t\t<div class=\"elementor-column elementor-col-100 elementor-top-column elementor-element elementor-element-c710fcc\" data-id=\"c710fcc\" data-element_type=\"column\" data-e-type=\"column\" data-settings=\"{&quot;background_background&quot;:&quot;classic&quot;}\">\n\t\t\t<div class=\"elementor-widget-wrap elementor-element-populated\">\n\t\t\t\t\t\t<div class=\"elementor-element elementor-element-912d9dc elementor-widget elementor-widget-heading\" data-id=\"912d9dc\" data-element_type=\"widget\" data-e-type=\"widget\" data-widget_type=\"heading.default\">\n\t\t\t\t<div class=\"elementor-widget-container\">\n\t\t\t\t\t<h2 class=\"elementor-heading-title elementor-size-default\">Ein heilender Ort des Friedens und des Wohlbefindens.<\/h2>\t\t\t\t<\/div>\n\t\t\t\t<\/div>\n\t\t\t\t<div class=\"elementor-element elementor-element-15ee3fc elementor-widget elementor-widget-text-editor\" data-id=\"15ee3fc\" data-element_type=\"widget\" data-e-type=\"widget\" data-widget_type=\"text-editor.default\">\n\t\t\t\t<div class=\"elementor-widget-container\">\n\t\t\t\t\t\t\t\t\t<p>Eine unersch\u00fctterliche Optimistin ist engagiert, um Ihnen zu helfen.<\/p><p>Willkommen in der alternativen ganzheitlichen Praxis. Mein Ansatz zur Patientenbetreuung legt Wert auf die Bedeutung der Beziehung zwischen Patient und Therapeut. Der Schwerpunkt liegt auf dem ganzen Menschen, ist evidenzbasiert und beinhaltet naturheilkundliche Behandlungsmethoden und Disziplinen, Lebensstil und Ern\u00e4hrungsberatung.<\/p>\t\t\t\t\t\t\t\t<\/div>\n\t\t\t\t<\/div>\n\t\t\t\t\t<\/div>\n\t\t<\/div>\n\t\t\t\t\t<\/div>\n\t\t<\/section>\n\t\t\t\t<section class=\"elementor-section elementor-top-section elementor-element elementor-element-4f1f4bb elementor-section-boxed elementor-section-height-default elementor-section-height-default qodef-elementor-content-no\" data-id=\"4f1f4bb\" data-element_type=\"section\" data-e-type=\"section\">\n\t\t\t\t\t\t<div class=\"elementor-container elementor-column-gap-default\">\n\t\t\t\t\t<div class=\"elementor-column elementor-col-20 elementor-top-column elementor-element elementor-element-9c6ecae\" data-id=\"9c6ecae\" data-element_type=\"column\" data-e-type=\"column\">\n\t\t\t<div class=\"elementor-widget-wrap elementor-element-populated\">\n\t\t\t\t\t\t<div class=\"elementor-element elementor-element-e0134f4 elementor-widget elementor-widget-qi_addons_for_elementor_animated_text\" data-id=\"e0134f4\" data-element_type=\"widget\" data-e-type=\"widget\" data-widget_type=\"qi_addons_for_elementor_animated_text.default\">\n\t\t\t\t<div class=\"elementor-widget-container\">\n\t\t\t\t\t<div class=\"qodef-shortcode qodef-m qodef-qi-animated-text qodef--animated-by-letter qodef--alignment-center qodef-qi--has-appear qodef--appear-from-left\" >\n\t\t<h5 class=\"qodef-m-title\">\n\t\t<span class=\"qodef-e-word-holder\">Ordnungstherapie<\/span>\t<\/h5>\n<\/div>\n\t\t\t\t<\/div>\n\t\t\t\t<\/div>\n\t\t\t\t\t<\/div>\n\t\t<\/div>\n\t\t\t\t<div class=\"elementor-column elementor-col-20 elementor-top-column elementor-element elementor-element-b78fa76\" data-id=\"b78fa76\" data-element_type=\"column\" data-e-type=\"column\">\n\t\t\t<div class=\"elementor-widget-wrap elementor-element-populated\">\n\t\t\t\t\t\t<div class=\"elementor-element elementor-element-7281fd7 elementor-widget elementor-widget-qi_addons_for_elementor_animated_text\" data-id=\"7281fd7\" data-element_type=\"widget\" data-e-type=\"widget\" data-widget_type=\"qi_addons_for_elementor_animated_text.default\">\n\t\t\t\t<div class=\"elementor-widget-container\">\n\t\t\t\t\t<div class=\"qodef-shortcode qodef-m qodef-qi-animated-text qodef--animated-by-letter qodef--alignment-center qodef-qi--has-appear qodef--appear-from-left\" >\n\t\t<h5 class=\"qodef-m-title\">\n\t\t<span class=\"qodef-e-word-holder\">Bewegungstherapie<\/span>\t<\/h5>\n<\/div>\n\t\t\t\t<\/div>\n\t\t\t\t<\/div>\n\t\t\t\t\t<\/div>\n\t\t<\/div>\n\t\t\t\t<div class=\"elementor-column elementor-col-20 elementor-top-column elementor-element elementor-element-2867408\" data-id=\"2867408\" data-element_type=\"column\" data-e-type=\"column\">\n\t\t\t<div class=\"elementor-widget-wrap elementor-element-populated\">\n\t\t\t\t\t\t<div class=\"elementor-element elementor-element-37164d2 elementor-widget elementor-widget-qi_addons_for_elementor_animated_text\" data-id=\"37164d2\" data-element_type=\"widget\" data-e-type=\"widget\" data-widget_type=\"qi_addons_for_elementor_animated_text.default\">\n\t\t\t\t<div class=\"elementor-widget-container\">\n\t\t\t\t\t<div class=\"qodef-shortcode qodef-m qodef-qi-animated-text qodef--animated-by-letter qodef--alignment-center qodef-qi--has-appear qodef--appear-from-left\" >\n\t\t<h5 class=\"qodef-m-title\">\n\t\t<span class=\"qodef-e-word-holder\">Verhaltenstherapie<\/span>\t<\/h5>\n<\/div>\n\t\t\t\t<\/div>\n\t\t\t\t<\/div>\n\t\t\t\t\t<\/div>\n\t\t<\/div>\n\t\t\t\t<div class=\"elementor-column elementor-col-20 elementor-top-column elementor-element elementor-element-2dd7b04\" data-id=\"2dd7b04\" data-element_type=\"column\" data-e-type=\"column\">\n\t\t\t<div class=\"elementor-widget-wrap elementor-element-populated\">\n\t\t\t\t\t\t<div class=\"elementor-element elementor-element-2e24bb6 qodef-parallax-image elementor-hidden-phone elementor-widget elementor-widget-image\" data-id=\"2e24bb6\" data-element_type=\"widget\" data-e-type=\"widget\" data-widget_type=\"image.default\">\n\t\t\t\t<div class=\"elementor-widget-container\">\n\t\t\t\t\t\t\t\t\t\t\t\t\t\t\t<img decoding=\"async\" width=\"150\" height=\"150\" src=\"https:\/\/hayaheilpraxis.de\/wp-content\/uploads\/2021\/08\/Leaflet_2_parallax-e1629226193890-150x150.png\" class=\"attachment-thumbnail size-thumbnail wp-image-18690\" alt=\"\" \/>\t\t\t\t\t\t\t\t\t\t\t\t\t\t\t<\/div>\n\t\t\t\t<\/div>\n\t\t\t\t\t<\/div>\n\t\t<\/div>\n\t\t\t\t<div class=\"elementor-column elementor-col-20 elementor-top-column elementor-element elementor-element-20538e2\" data-id=\"20538e2\" data-element_type=\"column\" data-e-type=\"column\">\n\t\t\t<div class=\"elementor-widget-wrap elementor-element-populated\">\n\t\t\t\t\t\t<div class=\"elementor-element elementor-element-2f119da elementor-widget elementor-widget-qi_addons_for_elementor_animated_text\" data-id=\"2f119da\" data-element_type=\"widget\" data-e-type=\"widget\" data-widget_type=\"qi_addons_for_elementor_animated_text.default\">\n\t\t\t\t<div class=\"elementor-widget-container\">\n\t\t\t\t\t<div class=\"qodef-shortcode qodef-m qodef-qi-animated-text qodef--animated-by-letter qodef--alignment-left qodef-qi--has-appear qodef--appear-from-left\" >\n\t\t<h5 class=\"qodef-m-title\">\n\t\t<span class=\"qodef-e-word-holder\">Gestaltungstherapie<\/span>\t<\/h5>\n<\/div>\n\t\t\t\t<\/div>\n\t\t\t\t<\/div>\n\t\t\t\t\t<\/div>\n\t\t<\/div>\n\t\t\t\t\t<\/div>\n\t\t<\/section>\n\t\t\t\t<section class=\"elementor-section elementor-top-section elementor-element elementor-element-455df4e elementor-section-boxed elementor-section-height-default elementor-section-height-default qodef-elementor-content-no\" data-id=\"455df4e\" data-element_type=\"section\" data-e-type=\"section\">\n\t\t\t\t\t\t<div class=\"elementor-container elementor-column-gap-default\">\n\t\t\t\t\t<div class=\"elementor-column elementor-col-100 elementor-top-column elementor-element elementor-element-aaa1be7\" data-id=\"aaa1be7\" data-element_type=\"column\" data-e-type=\"column\">\n\t\t\t<div class=\"elementor-widget-wrap\">\n\t\t\t\t\t\t\t<\/div>\n\t\t<\/div>\n\t\t\t\t\t<\/div>\n\t\t<\/section>\n\t\t\t\t<section class=\"elementor-section elementor-top-section elementor-element elementor-element-00eb8df qodef-elementor-content-grid qodef-extended-grid qodef-extended-grid--left qodef-extended-grid-reset--1024 qodef-custom-side-padding  elementor-section-boxed elementor-section-height-default elementor-section-height-default\" data-id=\"00eb8df\" data-element_type=\"section\" data-e-type=\"section\">\n\t\t\t\t\t\t<div class=\"elementor-container elementor-column-gap-default\">\n\t\t\t\t\t<div class=\"elementor-column elementor-col-100 elementor-top-column elementor-element elementor-element-3523b4c\" data-id=\"3523b4c\" data-element_type=\"column\" data-e-type=\"column\">\n\t\t\t<div class=\"elementor-widget-wrap elementor-element-populated\">\n\t\t\t\t\t\t<div class=\"elementor-element elementor-element-5e63c6d elementor-widget elementor-widget-reina_core_image_section_info\" data-id=\"5e63c6d\" data-element_type=\"widget\" data-e-type=\"widget\" data-widget_type=\"reina_core_image_section_info.default\">\n\t\t\t\t<div class=\"elementor-widget-container\">\n\t\t\t\t\t<div class=\"qodef-shortcode qodef-m  qodef-image-section-info qodef-layout--standard  qodef--has-appear\">\n\t<div class=\"qodef-m-inner clear\">\n\t\t\n<div class=\"qodef-m-image\" >\n\t<img fetchpriority=\"high\" decoding=\"async\" width=\"1300\" height=\"729\" src=\"https:\/\/hayaheilpraxis.de\/wp-content\/uploads\/2021\/08\/about-us-image-1.jpg\" class=\"attachment-full size-full\" alt=\"\" srcset=\"https:\/\/hayaheilpraxis.de\/wp-content\/uploads\/2021\/08\/about-us-image-1.jpg 1300w, https:\/\/hayaheilpraxis.de\/wp-content\/uploads\/2021\/08\/about-us-image-1-300x168.jpg 300w, https:\/\/hayaheilpraxis.de\/wp-content\/uploads\/2021\/08\/about-us-image-1-1024x574.jpg 1024w, https:\/\/hayaheilpraxis.de\/wp-content\/uploads\/2021\/08\/about-us-image-1-768x431.jpg 768w, https:\/\/hayaheilpraxis.de\/wp-content\/uploads\/2021\/08\/about-us-image-1-600x336.jpg 600w\" sizes=\"(max-width: 1300px) 100vw, 1300px\" \/><\/div>\n\t\t<div class=\"qodef-m-content\">\n\t\t\t\t\t\t<div class=\"qodef-m-heading\">\n\t\t\t\t\t<span class=\"qodef-m-subtitle qodef-h7\" style=\"color: #B0B8BB\">Patienten-orientiert<\/span>\n\t\t\t\t\t<h3 class=\"qodef-m-title\" style=\"color: #8F8B8B\">Ansatz<\/h3>\n\t\t\t<\/div>\n\t\t\t\t<div class=\"qodef-m-text\" style=\"margin-top: 13px;color: #8F8B8B\">Ich glaube dass Sie, der Patient, der Experte daf\u00fcr sind wie Sie sich f\u00fchlen. Meine Aufgabe ist es aufmerksam zuzuh\u00f6ren damit ich anfangen kann das was vor Ihnen liegt zusammenzusetzen und mein Wissen und meine Erfahrung anwenden kann, um Ihnen zu helfen. Jeder Mensch ist anders und braucht eine individuelle Behandlung damit die besten Ergebnisse erzielt werden k\u00f6nnen.<\/div>\n\n\n\t\t\t\t<div class=\"qodef-m-button\">\n\t\t<a class=\"qodef-shortcode qodef-m  qodef-button qodef-layout--textual  qodef-html--link\" href=\"https:\/\/hayaheilpraxis.de\/en\/meine-leistungen\/\" target=\"_self\" data-hover-color=\"#FFFFFF\" style=\"color: #8F8B8B\">\t<span class=\"qodef-m-text\">Tell me more\t\t<span class=\"qodef-m-strip\" style=\"background-color: #B3246494\"><\/span>\t<\/span><\/a>\t<\/div>\n\t\t<\/div>\n\t<\/div>\n<\/div>\n\t\t\t\t<\/div>\n\t\t\t\t<\/div>\n\t\t\t\t\t<\/div>\n\t\t<\/div>\n\t\t\t\t\t<\/div>\n\t\t<\/section>\n\t\t\t\t<section class=\"elementor-section elementor-top-section elementor-element elementor-element-7a075d4 qodef-elementor-content-grid qodef-extended-grid qodef-extended-grid--right qodef-extended-grid-reset--1024 qodef-custom-side-padding  elementor-section-full_width elementor-section-height-default elementor-section-height-default\" data-id=\"7a075d4\" data-element_type=\"section\" data-e-type=\"section\">\n\t\t\t\t\t\t<div class=\"elementor-container elementor-column-gap-default\">\n\t\t\t\t\t<div class=\"elementor-column elementor-col-100 elementor-top-column elementor-element elementor-element-2c14adc\" data-id=\"2c14adc\" data-element_type=\"column\" data-e-type=\"column\">\n\t\t\t<div class=\"elementor-widget-wrap elementor-element-populated\">\n\t\t\t\t\t\t<div class=\"elementor-element elementor-element-d4b9ef0 elementor-widget elementor-widget-reina_core_image_section_info\" data-id=\"d4b9ef0\" data-element_type=\"widget\" data-e-type=\"widget\" data-widget_type=\"reina_core_image_section_info.default\">\n\t\t\t\t<div class=\"elementor-widget-container\">\n\t\t\t\t\t<div class=\"qodef-shortcode qodef-m  qodef-image-section-info qodef-layout--standard qodef--left qodef--has-appear\">\n\t<div class=\"qodef-m-inner clear\">\n\t\t\n<div class=\"qodef-m-image\" >\n\t<img decoding=\"async\" width=\"1300\" height=\"729\" src=\"https:\/\/hayaheilpraxis.de\/wp-content\/uploads\/2021\/08\/about-us-image-2.png\" class=\"attachment-full size-full\" alt=\"\" srcset=\"https:\/\/hayaheilpraxis.de\/wp-content\/uploads\/2021\/08\/about-us-image-2.png 1300w, https:\/\/hayaheilpraxis.de\/wp-content\/uploads\/2021\/08\/about-us-image-2-300x168.png 300w, https:\/\/hayaheilpraxis.de\/wp-content\/uploads\/2021\/08\/about-us-image-2-1024x574.png 1024w, https:\/\/hayaheilpraxis.de\/wp-content\/uploads\/2021\/08\/about-us-image-2-768x431.png 768w, https:\/\/hayaheilpraxis.de\/wp-content\/uploads\/2021\/08\/about-us-image-2-600x336.png 600w\" sizes=\"(max-width: 1300px) 100vw, 1300px\" \/><\/div>\n\t\t<div class=\"qodef-m-content\">\n\t\t\t\t\t\t<div class=\"qodef-m-heading\">\n\t\t\t\t\t<span class=\"qodef-m-subtitle qodef-h7\" style=\"color: #B0B8BB\">Sie zu bef\u00e4higen<\/span>\n\t\t\t\t\t<h3 class=\"qodef-m-title\" style=\"color: #8F8B8B\">Ganzheitlicher Ansatz<\/h3>\n\t\t\t<\/div>\n\t\t\t\t<div class=\"qodef-m-text\" style=\"margin-top: 13px;color: #8F8B8B\">Wellness ist mehr als die Abwesenheit von Krankheit. Sie ist eine pers\u00f6nliche Reise und ein Geisteszustand der von innen heraus kultiviert werden muss. Um dies zu erreichen teile ich mein Wissen und meine Erfahrung, biete Richtlinien, Werkzeuge und Empfehlungen an. Zusammen mit Bereitschaft und Engagement Ihrerseits kann viel Positives geschehen!\n<ul style=\"margin-top: 18px\">\n<li> Ver\u00e4nderung der Lebensweise <\/li>\n<li>  Beschreiten neuer Wege <\/li>\n<li> Erf\u00fclltes und zufriedenes Leben <\/li>\n<\/ul>\n\n<\/div>\n\n\n\t\t\t\t\t<\/div>\n\t<\/div>\n<\/div>\n\t\t\t\t<\/div>\n\t\t\t\t<\/div>\n\t\t\t\t\t<\/div>\n\t\t<\/div>\n\t\t\t\t\t<\/div>\n\t\t<\/section>\n\t\t\t\t<section class=\"elementor-section elementor-top-section elementor-element elementor-element-be6d81d elementor-section-full_width elementor-section-height-default elementor-section-height-default qodef-elementor-content-no\" data-id=\"be6d81d\" data-element_type=\"section\" data-e-type=\"section\">\n\t\t\t\t\t\t<div class=\"elementor-container elementor-column-gap-default\">\n\t\t\t\t\t<div class=\"elementor-column elementor-col-25 elementor-top-column elementor-element elementor-element-17e9193\" data-id=\"17e9193\" data-element_type=\"column\" data-e-type=\"column\">\n\t\t\t<div class=\"elementor-widget-wrap elementor-element-populated\">\n\t\t\t\t\t\t<div class=\"elementor-element elementor-element-fb45bbd qodef-parallax-image elementor-hidden-phone elementor-widget elementor-widget-image\" data-id=\"fb45bbd\" data-element_type=\"widget\" data-e-type=\"widget\" data-widget_type=\"image.default\">\n\t\t\t\t<div class=\"elementor-widget-container\">\n\t\t\t\t\t\t\t\t\t\t\t\t\t\t\t<img decoding=\"async\" width=\"150\" height=\"150\" src=\"https:\/\/hayaheilpraxis.de\/wp-content\/uploads\/2021\/08\/Leaflet_2_parallax-e1629226193890-150x150.png\" class=\"attachment-thumbnail size-thumbnail wp-image-18690\" alt=\"\" \/>\t\t\t\t\t\t\t\t\t\t\t\t\t\t\t<\/div>\n\t\t\t\t<\/div>\n\t\t\t\t\t<\/div>\n\t\t<\/div>\n\t\t\t\t<div class=\"elementor-column elementor-col-25 elementor-top-column elementor-element elementor-element-bd54802\" data-id=\"bd54802\" data-element_type=\"column\" data-e-type=\"column\">\n\t\t\t<div class=\"elementor-widget-wrap\">\n\t\t\t\t\t\t\t<\/div>\n\t\t<\/div>\n\t\t\t\t<div class=\"elementor-column elementor-col-25 elementor-top-column elementor-element elementor-element-7801ada\" data-id=\"7801ada\" data-element_type=\"column\" data-e-type=\"column\">\n\t\t\t<div class=\"elementor-widget-wrap\">\n\t\t\t\t\t\t\t<\/div>\n\t\t<\/div>\n\t\t\t\t<div class=\"elementor-column elementor-col-25 elementor-top-column elementor-element elementor-element-68b9195\" data-id=\"68b9195\" data-element_type=\"column\" data-e-type=\"column\">\n\t\t\t<div class=\"elementor-widget-wrap elementor-element-populated\">\n\t\t\t\t\t\t\t<\/div>\n\t\t<\/div>\n\t\t\t\t\t<\/div>\n\t\t<\/section>\n\t\t\t\t<section class=\"elementor-section elementor-top-section elementor-element elementor-element-f73cda1 qodef-elementor-content-grid elementor-section-boxed elementor-section-height-default elementor-section-height-default\" data-id=\"f73cda1\" data-element_type=\"section\" data-e-type=\"section\">\n\t\t\t\t\t\t<div class=\"elementor-container elementor-column-gap-default\">\n\t\t\t\t\t<div class=\"elementor-column elementor-col-100 elementor-top-column elementor-element elementor-element-2ddd831\" data-id=\"2ddd831\" data-element_type=\"column\" data-e-type=\"column\">\n\t\t\t<div class=\"elementor-widget-wrap elementor-element-populated\">\n\t\t\t\t\t\t<div class=\"elementor-element elementor-element-3b281fc elementor-widget elementor-widget-reina_core_testimonials_list\" data-id=\"3b281fc\" data-element_type=\"widget\" data-e-type=\"widget\" data-widget_type=\"reina_core_testimonials_list.default\">\n\t\t\t\t<div class=\"elementor-widget-container\">\n\t\t\t\t\t<div class=\"qodef-shortcode qodef-m  qodef-testimonials-list  qodef--draw-svg qodef-grid qodef-swiper-container  qodef-gutter--normal qodef-col-num--1 qodef-item-layout--info-below qodef-responsive--predefined\" data-options=\"{&quot;slidesPerView&quot;:&quot;1&quot;,&quot;spaceBetween&quot;:30,&quot;loop&quot;:true,&quot;autoplay&quot;:true,&quot;speed&quot;:&quot;&quot;,&quot;speedAnimation&quot;:&quot;&quot;,&quot;slideAnimation&quot;:&quot;&quot;,&quot;outsideNavigation&quot;:&quot;yes&quot;,&quot;unique&quot;:770}\">\n\t<div class=\"qodef-m-icon\" >\n\t\t<svg xmlns=\"http:\/\/www.w3.org\/2000\/svg\" xmlns:xlink=\"http:\/\/www.w3.org\/1999\/xlink\" x=\"0px\" y=\"0px\" viewbox=\"0 0 172.5 118.7\" xml:space=\"preserve\"><path d=\"M169,0.1c-0.9,5.1-2.1,10.1-3.6,15C155.3,1,136.5,1.6,132.2,1.8C126.1,2.3,110,9.8,110,27.1c0,17.3,15.4,20.7,20.9,20.8c5.8,0.1,11.2-1.4,16.1-4.6c3.4-2.2,6.6-5.3,9.4-9.3c3.5-4.9,6.5-11.2,8.9-18.9c4.3,6,7.1,14.6,6.5,27c-1.6,34.1-23.1,48.3-34.8,55.5c-1.3,0.8-3.8,1.9-7,3.2c-12.5,5.1-35,13.3-32,16.1c5.9,5.3,22.7-7.1,26.9-11.3c1.3-1.3,3.1-2.9,5-4.8c8.6-8.2,21.4-21.6,22.7-41.7c0.2-3.6-0.1-6.4-0.7-8.5c4.1-3.8,6.1-8.8,5.7-13.6c-0.1-0.7-0.4-1.9-1.2-3c-1.1-1.6-2.8-3.1-5.5-3.1c-4.5,0-6.8,4.2-6.8,6.8c0,2.6,1.2,4,2.8,5.6c1.7,1.7,3.8,3.6,4.9,7.3c-3.8,3.6-9.5,6.2-16.8,6.6c-16,1-24.7-12.3-39.8-16.2c-2.9-0.8-6-1.2-9.4-1.1c-1.5,0-2.9,0.2-4.3,0.4c0.2,1.3,0.2,2.7-0.2,4c-0.9,3.1-2.9,5.7-5.6,7.8c0.5,1.9,0.7,4.2,0.3,7c-3,19.4-24.1,38.2-34.2,39.5c-5.2,0.7-4,8.7,1.2,8c10.8-1.4,52.1-22.9,52.1-64.5c0-0.4,0-0.7,0-1.1C94.8,0.5,61.8,1.4,55.7,1.8c-6.1,0.4-22.2,7.9-22.2,25.2c0,17.3,15.4,20.5,20.9,20.8c7,0.4,11.5-1.6,16-3.7c-1.2-1.2-2.1-2.4-2.4-3.9c-0.8-3.4,2-6.5,6.1-6.6c4.2-0.1,7,3,7.6,6.6c-4.5,0.7-7.9,2.3-11.3,3.9c1.9,2,4.4,4.1,5.5,7.9c-5,4-12.6,6.4-20.6,8C36.3,64,0.1,57.9,0.1,57.9\"\/><\/svg>\n\t<\/div>\n\t<div class=\"swiper-wrapper\">\n\t\t<div class=\"qodef-e swiper-slide\">\n\t<div class=\"qodef-e-inner\">\n\t\t<div class=\"qodef-e-content\">\n\t\t\t\t\t\t\t<span itemprop=\"description\" class=\"qodef-e-text\">\n\t\tPadma takes a lot of time for the case history and shows great empathy. The expertise of the acupuncturist is outstanding and I can unreservedly recommend Padma because she has helped me a lot.\t<\/span>\n\t\t\t<span class=\"qodef-e-author\">\n\t<span class=\"qodef-e-author-name\">\n\t\tDoris. A\t<\/span>\n\t<span class=\"qodef-e-author-job\">\n\t\t- Ayurveda Acupuncture\t<\/span>\n<\/span>\n\t\t<\/div>\n\t<\/div>\n<\/div><div class=\"qodef-e swiper-slide\">\n\t<div class=\"qodef-e-inner\">\n\t\t<div class=\"qodef-e-content\">\n\t\t\t\t\t\t\t<span itemprop=\"description\" class=\"qodef-e-text\">\n\t\tAlmost a year ago I was in a very weak state physically and psychologically and had lost 10 kilos (from 70).\nPadma Kollorz slowly restored me with acupuncture, massages, Ayurvedic remedies and lots of good advice, so that after some time I was feeling much better and also had my old weight back.\t<\/span>\n\t\t\t<span class=\"qodef-e-author\">\n\t<span class=\"qodef-e-author-name\">\n\t\tWerner. W\t<\/span>\n\t<span class=\"qodef-e-author-job\">\n\t\t- Ayurveda, Acupuncture &amp; Coaching\t<\/span>\n<\/span>\n\t\t<\/div>\n\t<\/div>\n<\/div><div class=\"qodef-e swiper-slide\">\n\t<div class=\"qodef-e-inner\">\n\t\t<div class=\"qodef-e-content\">\n\t\t\t\t\t\t\t<span itemprop=\"description\" class=\"qodef-e-text\">\n\t\tPadma Haya hat mir in einer schwierigen Zeit der privaten und beruflichen Neuorientierung sowohl mit ihren ayurvedischen Behandlungen als auch mit ihrem psychologischen Coaching sehr geholfen. Aufgrund ihrer sehr einf\u00fchlsamen als auch empathischen Art f\u00fchle ich mich bei jedem Besuch in ihrer Praxis sehr wohl und bestens aufgehoben.\u201c \ud83d\ude43\ud83e\udd17.\t<\/span>\n\t\t\t<span class=\"qodef-e-author\">\n\t<span class=\"qodef-e-author-name\">\n\t\tJutta. W\t<\/span>\n\t<span class=\"qodef-e-author-job\">\n\t\t- Ayurveda, Acupuncture &amp; Coaching\t<\/span>\n<\/span>\n\t\t<\/div>\n\t<\/div>\n<\/div><div class=\"qodef-e swiper-slide\">\n\t<div class=\"qodef-e-inner\">\n\t\t<div class=\"qodef-e-content\">\n\t\t\t\t\t\t\t<span itemprop=\"description\" class=\"qodef-e-text\">\n\t\tMrs Kollorz's treatment is absolutely holistic, very individually oriented, multi-layered and extremely efficient; sometimes complaints disappear as if by magic. Her medicines are selected with great knowledge according to the respective needs, thus very effective and helpful, her massages simply fantastic, sometimes also very strenuous for the body, but in any case extremely beneficial.\t<\/span>\n\t\t\t<span class=\"qodef-e-author\">\n\t<span class=\"qodef-e-author-name\">\n\t\tGisela. W\t<\/span>\n\t<span class=\"qodef-e-author-job\">\n\t\t- Ayurveda, Acupuncture &amp; Coaching\t<\/span>\n<\/span>\n\t\t<\/div>\n\t<\/div>\n<\/div><div class=\"qodef-e swiper-slide\">\n\t<div class=\"qodef-e-inner\">\n\t\t<div class=\"qodef-e-content\">\n\t\t\t\t\t\t\t<span itemprop=\"description\" class=\"qodef-e-text\">\n\t\tPadma Kollorz has excellent professional competence. Due to her holistic skills, she can always apply the appropriate therapy for every symptom, from nutrition to home remedies, Ayurvedic medicines and treatments to acupuncture and much more.\t<\/span>\n\t\t\t<span class=\"qodef-e-author\">\n\t<span class=\"qodef-e-author-name\">\n\t\tThomas. Z\t<\/span>\n\t<span class=\"qodef-e-author-job\">\n\t\t- Ayurveda Acupuncture\t<\/span>\n<\/span>\n\t\t<\/div>\n\t<\/div>\n<\/div>\t<\/div>\n\t\t<div class=\"swiper-pagination\"><\/div>\n<\/div>\n\t\t\t\t<\/div>\n\t\t\t\t<\/div>\n\t\t\t\t\t<\/div>\n\t\t<\/div>\n\t\t\t\t\t<\/div>\n\t\t<\/section>\n\t\t\t\t<\/div>","protected":false},"excerpt":{"rendered":"<p>Ein heilender Ort des Friedens und des Wohlbefindens. Eine unersch\u00fctterliche Optimistin ist engagiert, um Ihnen zu helfen. Willkommen in der alternativen ganzheitlichen Praxis. Mein Ansatz zur Patientenbetreuung legt Wert auf die Bedeutung der Beziehung zwischen Patient und Therapeut. Der Schwerpunkt liegt auf dem ganzen Menschen, ist evidenzbasiert und beinhaltet naturheilkundliche Behandlungsmethoden und Disziplinen, Lebensstil und [&hellip;]<\/p>\n","protected":false},"author":1,"featured_media":0,"parent":0,"menu_order":0,"comment_status":"closed","ping_status":"closed","template":"page-full-width.php","meta":{"footnotes":""},"class_list":["post-5853","page","type-page","status-publish","hentry"],"_links":{"self":[{"href":"https:\/\/hayaheilpraxis.de\/en\/wp-json\/wp\/v2\/pages\/5853","targetHints":{"allow":["GET"]}}],"collection":[{"href":"https:\/\/hayaheilpraxis.de\/en\/wp-json\/wp\/v2\/pages"}],"about":[{"href":"https:\/\/hayaheilpraxis.de\/en\/wp-json\/wp\/v2\/types\/page"}],"author":[{"embeddable":true,"href":"https:\/\/hayaheilpraxis.de\/en\/wp-json\/wp\/v2\/users\/1"}],"replies":[{"embeddable":true,"href":"https:\/\/hayaheilpraxis.de\/en\/wp-json\/wp\/v2\/comments?post=5853"}],"version-history":[{"count":135,"href":"https:\/\/hayaheilpraxis.de\/en\/wp-json\/wp\/v2\/pages\/5853\/revisions"}],"predecessor-version":[{"id":24123,"href":"https:\/\/hayaheilpraxis.de\/en\/wp-json\/wp\/v2\/pages\/5853\/revisions\/24123"}],"wp:attachment":[{"href":"https:\/\/hayaheilpraxis.de\/en\/wp-json\/wp\/v2\/media?parent=5853"}],"curies":[{"name":"wp","href":"https:\/\/api.w.org\/{rel}","templated":true}]}}